{"id":6006,"date":"2026-01-02T05:18:10","date_gmt":"2026-01-02T04:18:10","guid":{"rendered":"https:\/\/clinicadelpcrga.cl\/tienda\/?post_type=product&#038;p=6006"},"modified":"2026-01-02T05:18:10","modified_gmt":"2026-01-02T04:18:10","slug":"cargador-original-hp-90w-pavilion-punta-azul","status":"publish","type":"product","link":"https:\/\/clinicadelpcrga.cl\/tienda\/producto\/cargador-original-hp-90w-pavilion-punta-azul\/","title":{"rendered":"Cargador Original HP 90w Pavilion Punta Azul"},"content":{"rendered":"<div class=\"ui-pdp-container__row\">\n<div class=\"ui-pdp-container__col col-1 ui-pdp-with--separator--auto ui-pdp-with--separator--40-24\">\n<section id=\"highlighted_specs_attrs\" class=\"ui-vpp-highlighted-specs pl-24 pr-24\" tabindex=\"-1\">\n<div class=\"ui-pdp-container__row ui-pdp-container__row--technical-specifications\">\n<div class=\"ui-pdp-collapsable ui-vpp-highlighted-specs__striped-collapsed__action ui-pdp-collapsable--is-collapsed\">\n<div class=\"ui-pdp-collapsable__container\">\n<div class=\"ui-vpp-highlighted-specs__striped-specs\">\n<div class=\"ui-vpp-striped-specs\">\n<div class=\"ui-vpp-striped-specs__table\">\n<h3 class=\"ui-vpp-striped-specs__header\">Caracter\u00edsticas principales<\/h3>\n<table class=\"andes-table\">\n<tbody class=\"andes-table__body\">\n<tr class=\"andes-table__row ui-vpp-striped-specs__row\">\n<th class=\"andes-table__header andes-table__header--left ui-vpp-striped-specs__row__column ui-vpp-striped-specs__row__column--id\" scope=\"row\">\n<div class=\"andes-table__header__container\">Marca<\/div>\n<\/th>\n<td id=\":Rkjqlpakp7le:\" class=\"andes-table__column andes-table__column--left andes-table__column--vertical-align-center ui-vpp-striped-specs__row__column\"><span id=\":Rkjqlpakp7le:-value\" class=\"andes-table__column--value\">HP<\/span><\/td>\n<\/tr>\n<tr class=\"andes-table__row ui-vpp-striped-specs__row\">\n<th class=\"andes-table__header andes-table__header--left ui-vpp-striped-specs__row__column ui-vpp-striped-specs__row__column--id\" scope=\"row\">\n<div class=\"andes-table__header__container\">L\u00ednea<\/div>\n<\/th>\n<td id=\":Rklqlpakp7le:\" class=\"andes-table__column andes-table__column--left andes-table__column--vertical-align-center ui-vpp-striped-specs__row__column\"><span id=\":Rklqlpakp7le:-value\" class=\"andes-table__column--value\">Pavilion<\/span><\/td>\n<\/tr>\n<tr class=\"andes-table__row ui-vpp-striped-specs__row\">\n<th class=\"andes-table__header andes-table__header--left ui-vpp-striped-specs__row__column ui-vpp-striped-specs__row__column--id\" scope=\"row\">\n<div class=\"andes-table__header__container\">Modelo<\/div>\n<\/th>\n<td id=\":Rknqlpakp7le:\" class=\"andes-table__column andes-table__column--left andes-table__column--vertical-align-center ui-vpp-striped-specs__row__column\"><span id=\":Rknqlpakp7le:-value\" class=\"andes-table__column--value\">937532-850<\/span><\/td>\n<\/tr>\n<tr class=\"andes-table__row ui-vpp-striped-specs__row\">\n<th class=\"andes-table__header andes-table__header--left ui-vpp-striped-specs__row__column ui-vpp-striped-specs__row__column--id\" scope=\"row\">\n<div class=\"andes-table__header__container\">Potencia<\/div>\n<\/th>\n<td id=\":Rkpqlpakp7le:\" class=\"andes-table__column andes-table__column--left andes-table__column--vertical-align-center ui-vpp-striped-specs__row__column\"><span id=\":Rkpqlpakp7le:-value\" class=\"andes-table__column--value\">90 W<\/span><\/td>\n<\/tr>\n<tr class=\"andes-table__row ui-vpp-striped-specs__row\">\n<th class=\"andes-table__header andes-table__header--left ui-vpp-striped-specs__row__column ui-vpp-striped-specs__row__column--id\" scope=\"row\">\n<div class=\"andes-table__header__container\">Color<\/div>\n<\/th>\n<td id=\":Rkrqlpakp7le:\" class=\"andes-table__column andes-table__column--left andes-table__column--vertical-align-center ui-vpp-striped-specs__row__column\"><span id=\":Rkrqlpakp7le:-value\" class=\"andes-table__column--value\">Negro<\/span><\/td>\n<\/tr>\n<tr class=\"andes-table__row ui-vpp-striped-specs__row\">\n<th class=\"andes-table__header andes-table__header--left ui-vpp-striped-specs__row__column ui-vpp-striped-specs__row__column--id\" scope=\"row\">\n<div class=\"andes-table__header__container\">Voltaje de entrada<\/div>\n<\/th>\n<td id=\":Rktqlpakp7le:\" class=\"andes-table__column andes-table__column--left andes-table__column--vertical-align-center ui-vpp-striped-specs__row__column\"><span id=\":Rktqlpakp7le:-value\" class=\"andes-table__column--value\">100-240V ~ 1.7A \/ 50-60Hz<\/span><\/td>\n<\/tr>\n<\/tbody>\n<\/table>\n<\/div>\n<\/div>\n<div class=\"ui-vpp-striped-specs\">\n<div class=\"ui-vpp-striped-specs__table\"><\/div>\n<div class=\"ui-vpp-striped-specs__table\">\n<table class=\"andes-table\">\n<tbody class=\"andes-table__body\">\n<tr class=\"andes-table__row ui-vpp-striped-specs__row\">\n<th class=\"andes-table__header andes-table__header--left ui-vpp-striped-specs__row__column ui-vpp-striped-specs__row__column--id\" scope=\"row\">\n<div class=\"andes-table__header__container\">Voltaje de salida<\/div>\n<\/th>\n<td id=\":R197l5pakp7le:\" class=\"andes-table__column andes-table__column--left andes-table__column--vertical-align-center ui-vpp-striped-specs__row__column\"><span id=\":R197l5pakp7le:-value\" class=\"andes-table__column--value\">19.5<\/span><\/td>\n<\/tr>\n<tr class=\"andes-table__row ui-vpp-striped-specs__row\">\n<th class=\"andes-table__header andes-table__header--left ui-vpp-striped-specs__row__column ui-vpp-striped-specs__row__column--id\" scope=\"row\">\n<div class=\"andes-table__header__container\">Amperaje de salida<\/div>\n<\/th>\n<td id=\":R19bl5pakp7le:\" class=\"andes-table__column andes-table__column--left andes-table__column--vertical-align-center ui-vpp-striped-specs__row__column\"><span id=\":R19bl5pakp7le:-value\" class=\"andes-table__column--value\">462 A<\/span><\/td>\n<\/tr>\n<tr class=\"andes-table__row ui-vpp-striped-specs__row\">\n<th class=\"andes-table__header andes-table__header--left ui-vpp-striped-specs__row__column ui-vpp-striped-specs__row__column--id\" scope=\"row\">\n<div class=\"andes-table__header__container\">Conector de salida<\/div>\n<\/th>\n<td id=\":R19fl5pakp7le:\" class=\"andes-table__column andes-table__column--left andes-table__column--vertical-align-center ui-vpp-striped-specs__row__column\"><span id=\":R19fl5pakp7le:-value\" class=\"andes-table__column--value\">4.5mm * 3.0mm<\/span><\/td>\n<\/tr>\n<tr class=\"andes-table__row ui-vpp-striped-specs__row\">\n<th class=\"andes-table__header andes-table__header--left ui-vpp-striped-specs__row__column ui-vpp-striped-specs__row__column--id\" scope=\"row\">\n<div class=\"andes-table__header__container\">Es original<\/div>\n<\/th>\n<td id=\":R19jl5pakp7le:\" class=\"andes-table__column andes-table__column--left andes-table__column--vertical-align-center ui-vpp-striped-specs__row__column\"><span id=\":R19jl5pakp7le:-value\" class=\"andes-table__column--value\">S\u00ed<\/span><\/td>\n<\/tr>\n<tr class=\"andes-table__row ui-vpp-striped-specs__row\">\n<th class=\"andes-table__header andes-table__header--left ui-vpp-striped-specs__row__column ui-vpp-striped-specs__row__column--id\" scope=\"row\">\n<div class=\"andes-table__header__container\">Es universal<\/div>\n<\/th>\n<td id=\":R19nl5pakp7le:\" class=\"andes-table__column andes-table__column--left andes-table__column--vertical-align-center ui-vpp-striped-specs__row__column\"><span id=\":R19nl5pakp7le:-value\" class=\"andes-table__column--value\">No<\/span><\/td>\n<\/tr>\n<tr class=\"andes-table__row ui-vpp-striped-specs__row\">\n<th class=\"andes-table__header andes-table__header--left ui-vpp-striped-specs__row__column ui-vpp-striped-specs__row__column--id\" scope=\"row\">\n<div class=\"andes-table__header__container\">Incluye cable de energ\u00eda<\/div>\n<\/th>\n<td id=\":R19rl5pakp7le:\" class=\"andes-table__column andes-table__column--left andes-table__column--vertical-align-center ui-vpp-striped-specs__row__column\"><span id=\":R19rl5pakp7le:-value\" class=\"andes-table__column--value\">S\u00ed<\/span><\/td>\n<\/tr>\n<tr class=\"andes-table__row ui-vpp-striped-specs__row\">\n<th class=\"andes-table__header andes-table__header--left ui-vpp-striped-specs__row__column ui-vpp-striped-specs__row__column--id\" scope=\"row\">\n<div class=\"andes-table__header__container\">Tipo de dispositivo<\/div>\n<\/th>\n<td id=\":R19vl5pakp7le:\" class=\"andes-table__column andes-table__column--left andes-table__column--vertical-align-center ui-vpp-striped-specs__row__column\"><span id=\":R19vl5pakp7le:-value\" class=\"andes-table__column--value\">Notebook<\/span><\/td>\n<\/tr>\n<\/tbody>\n<\/table>\n<\/div>\n<\/div>\n<\/div>\n<\/div>\n<\/div>\n<\/div>\n<\/section>\n<\/div>\n<\/div>\n<div class=\"ui-pdp-container__row\">\n<div class=\"ui-pdp-container__col col-1\">\n<div class=\"ui-pdp-container__row ui-pdp-with--separator--fluid ui-pdp-with--separator--40-24\">\n<div class=\"ui-pdp-container__col col-1 pl-24 pr-24 vertical-gallery\">\n<div class=\"ui-pdp-vertical-gallery\">\n<div aria-hidden=\"true\">\n<p class=\"ui-pdp-color--BLUE ui-pdp-family--REGULAR\">Descripci\u00f3n<\/p>\n<\/div>\n<\/div>\n<\/div>\n<\/div>\n<\/div>\n<\/div>\n<div class=\"ui-pdp-container__row\">\n<div class=\"ui-pdp-container__col col-1 pl-24 pr-24\">\n<div class=\"ui-pdp-collapsable mt-24 ui-pdp-description-collapse\">\n<div class=\"ui-pdp-collapsable__container\">\n<div id=\"description\" class=\"ui-pdp-description\">\n<p class=\"ui-pdp-description__content\" data-testid=\"content\">937532-850 &#8211; Cargador HP 90w HP Pavilion Laptop 15 Descripci\u00f3n General Smart AC power adapter (90 watt) 4.5mm barrel connector con factor de correcci\u00f3n de energ\u00eda (PFC) Informaci\u00f3n: Part Nro : 937532-850 Fabricante: HP Especificaciones: Entrada : 100-240v ~ 1,7A 50-60hz Salida : 19.5v ~ 4,62A 90w Conector : 4.5mm * 3.0mm Tipo : Punta Azul Color : Negro Part Numbers Adicionales 937520-001 937520-002 937520-003 Equipos Compatibles 4PF78LA HP Pavilion Laptop 15-cs1001la 4PF79LA HP Pavilion Laptop 15-cs1002la 6QV95LA HP Pavilion Laptop 15-cs3010la 6QV96LA HP Pavilion Laptop 15-cs3011la 2B110LA HP Pavilion Laptop 15-cs3012la Que incluimos en la oferta 1x &#8211; Cargador HP 90w 1x &#8211; Cable Tr\u00e9bol Nacional 1x &#8211; Empaque Retail (seg\u00fan disponibilidad)<\/p>\n<p class=\"ui-pdp-description__content\" data-testid=\"content\">Notas *Por favor revisa bien el n\u00famero de parte por compatibilidades o el modelo de tu equipo para evitar confusiones.<\/p>\n<\/div>\n<\/div>\n<\/div>\n<\/div>\n<\/div>\n","protected":false},"excerpt":{"rendered":"<p>Descripci\u00f3n General Smart AC power adapter (90 watt) 4.5mm barrel connector con factor de correcci\u00f3n de energ\u00eda (PFC<\/p>\n","protected":false},"featured_media":6007,"template":"","meta":{"_uag_custom_page_level_css":""},"product_brand":[88],"product_cat":[96],"product_tag":[],"class_list":{"0":"post-6006","1":"product","2":"type-product","3":"status-publish","4":"has-post-thumbnail","6":"product_brand-hp","7":"product_cat-hp","9":"first","10":"instock","11":"shipping-taxable","12":"product-type-simple"},"uagb_featured_image_src":{"full":["https:\/\/clinicadelpcrga.cl\/tienda\/wp-content\/uploads\/2026\/01\/D_NQ_NP_2X_919696-MLA99956896149_112025-F.webp",1100,1200,false],"thumbnail":["https:\/\/clinicadelpcrga.cl\/tienda\/wp-content\/uploads\/2026\/01\/D_NQ_NP_2X_919696-MLA99956896149_112025-F-150x150.webp",150,150,true],"medium":["https:\/\/clinicadelpcrga.cl\/tienda\/wp-content\/uploads\/2026\/01\/D_NQ_NP_2X_919696-MLA99956896149_112025-F-275x300.webp",275,300,true],"medium_large":["https:\/\/clinicadelpcrga.cl\/tienda\/wp-content\/uploads\/2026\/01\/D_NQ_NP_2X_919696-MLA99956896149_112025-F-768x838.webp",768,838,true],"large":["https:\/\/clinicadelpcrga.cl\/tienda\/wp-content\/uploads\/2026\/01\/D_NQ_NP_2X_919696-MLA99956896149_112025-F-939x1024.webp",939,1024,true],"1536x1536":["https:\/\/clinicadelpcrga.cl\/tienda\/wp-content\/uploads\/2026\/01\/D_NQ_NP_2X_919696-MLA99956896149_112025-F.webp",1100,1200,false],"2048x2048":["https:\/\/clinicadelpcrga.cl\/tienda\/wp-content\/uploads\/2026\/01\/D_NQ_NP_2X_919696-MLA99956896149_112025-F.webp",1100,1200,false],"woocommerce_archive_thumbnail":["https:\/\/clinicadelpcrga.cl\/tienda\/wp-content\/uploads\/2026\/01\/D_NQ_NP_2X_919696-MLA99956896149_112025-F-500x545.webp",500,545,true],"mailpoet_newsletter_max":["https:\/\/clinicadelpcrga.cl\/tienda\/wp-content\/uploads\/2026\/01\/D_NQ_NP_2X_919696-MLA99956896149_112025-F.webp",1100,1200,false],"woocommerce_thumbnail":["https:\/\/clinicadelpcrga.cl\/tienda\/wp-content\/uploads\/2026\/01\/D_NQ_NP_2X_919696-MLA99956896149_112025-F-500x500.webp",500,500,true],"woocommerce_single":["https:\/\/clinicadelpcrga.cl\/tienda\/wp-content\/uploads\/2026\/01\/D_NQ_NP_2X_919696-MLA99956896149_112025-F-600x655.webp",600,655,true],"woocommerce_gallery_thumbnail":["https:\/\/clinicadelpcrga.cl\/tienda\/wp-content\/uploads\/2026\/01\/D_NQ_NP_2X_919696-MLA99956896149_112025-F-100x100.webp",100,100,true]},"uagb_author_info":{"display_name":"pcrga2025t","author_link":"https:\/\/clinicadelpcrga.cl\/tienda\/author\/"},"uagb_comment_info":0,"uagb_excerpt":"Descripci\u00f3n General Smart AC power adapter (90 watt) 4.5mm barrel connector con factor de correcci\u00f3n de energ\u00eda (PFC","jetpack_sharing_enabled":true,"_links":{"self":[{"href":"https:\/\/clinicadelpcrga.cl\/tienda\/wp-json\/wp\/v2\/product\/6006","targetHints":{"allow":["GET"]}}],"collection":[{"href":"https:\/\/clinicadelpcrga.cl\/tienda\/wp-json\/wp\/v2\/product"}],"about":[{"href":"https:\/\/clinicadelpcrga.cl\/tienda\/wp-json\/wp\/v2\/types\/product"}],"wp:featuredmedia":[{"embeddable":true,"href":"https:\/\/clinicadelpcrga.cl\/tienda\/wp-json\/wp\/v2\/media\/6007"}],"wp:attachment":[{"href":"https:\/\/clinicadelpcrga.cl\/tienda\/wp-json\/wp\/v2\/media?parent=6006"}],"wp:term":[{"taxonomy":"product_brand","embeddable":true,"href":"https:\/\/clinicadelpcrga.cl\/tienda\/wp-json\/wp\/v2\/product_brand?post=6006"},{"taxonomy":"product_cat","embeddable":true,"href":"https:\/\/clinicadelpcrga.cl\/tienda\/wp-json\/wp\/v2\/product_cat?post=6006"},{"taxonomy":"product_tag","embeddable":true,"href":"https:\/\/clinicadelpcrga.cl\/tienda\/wp-json\/wp\/v2\/product_tag?post=6006"}],"curies":[{"name":"wp","href":"https:\/\/api.w.org\/{rel}","templated":true}]}}