{"id":5982,"date":"2025-12-31T16:35:56","date_gmt":"2025-12-31T15:35:56","guid":{"rendered":"https:\/\/clinicadelpcrga.cl\/tienda\/?post_type=product&#038;p=5982"},"modified":"2025-12-31T16:35:56","modified_gmt":"2025-12-31T15:35:56","slug":"mouse-philips-m104-wired","status":"publish","type":"product","link":"https:\/\/clinicadelpcrga.cl\/tienda\/producto\/mouse-philips-m104-wired\/","title":{"rendered":"Mouse Philips M104 Wired"},"content":{"rendered":"<p>Utilizando la \u00faltima tecnolog\u00eda \u00f3ptica, el rat\u00f3n \u00f3ptico USB con rueda de desplazamiento de HP registra los movimientos precisos a trav\u00e9s de una gran variedad de superficies sin necesidad de una alfombrilla para el rat\u00f3n. Seguimiento \u00f3ptico: reduzca la limpieza constante con el sistema de seguimiento que funciona a trav\u00e9s de la luz, lo que permite reducir las piezas m\u00f3viles y aumentar la durabilidad en comparaci\u00f3n con los ratones basados en bola. El sensor \u00f3ptico dentro del rat\u00f3n \u00f3ptico con rueda de desplazamiento HP USB emplea una tasa de escaneo de 800 ppp y permite el movimiento n\u00edtido sin una alfombrilla para el rat\u00f3n, bola o rodillo.<\/p>\n<p>CARACTERISTICAS:<\/p>\n<p>Conectividad: USB con cable<br \/>\nSistema de seguimiento: luz roja<br \/>\nN\u00famero de botones: 3<br \/>\nVida \u00fatil del bot\u00f3n: 1 mill\u00f3n de clics<br \/>\nFuerza del bot\u00f3n: 65 \/- 5g<br \/>\nResoluci\u00f3n: 800\/1200<br \/>\n<img loading=\"lazy\" decoding=\"async\" src=\"https:\/\/clinicadelpcrga.cl\/tienda\/wp-content\/uploads\/2025\/12\/PHILIPS-M104-WIRED-MOUSE-SPK7104-150x150.png\" alt=\"mouse philips m104 wired\" width=\"150\" height=\"150\" class=\"alignleft size-thumbnail wp-image-5983\" title=\"Mouse Philips M104 Wired\" srcset=\"https:\/\/clinicadelpcrga.cl\/tienda\/wp-content\/uploads\/2025\/12\/PHILIPS-M104-WIRED-MOUSE-SPK7104-150x150.png 150w, https:\/\/clinicadelpcrga.cl\/tienda\/wp-content\/uploads\/2025\/12\/PHILIPS-M104-WIRED-MOUSE-SPK7104-100x100.png 100w, https:\/\/clinicadelpcrga.cl\/tienda\/wp-content\/uploads\/2025\/12\/PHILIPS-M104-WIRED-MOUSE-SPK7104-300x300.png 300w, https:\/\/clinicadelpcrga.cl\/tienda\/wp-content\/uploads\/2025\/12\/PHILIPS-M104-WIRED-MOUSE-SPK7104.png 400w\" sizes=\"auto, (max-width: 150px) 100vw, 150px\" \/><\/p>\n","protected":false},"excerpt":{"rendered":"<p>Utilizando la \u00faltima tecnolog\u00eda \u00f3ptica, el rat\u00f3n \u00f3ptico USB con rueda de desplazamiento de HP registra los movimientos precisos a trav\u00e9s de una gran variedad de superficies sin necesidad de una alfombrilla para el rat\u00f3n. Seguimiento \u00f3ptico: reduzca la limpieza constante con el sistema de seguimiento que funciona a trav\u00e9s de la luz, lo que [&hellip;]<\/p>\n","protected":false},"featured_media":5984,"template":"","meta":{"_uag_custom_page_level_css":""},"product_brand":[70],"product_cat":[81],"product_tag":[],"class_list":{"0":"post-5982","1":"product","2":"type-product","3":"status-publish","4":"has-post-thumbnail","6":"product_brand-philips","7":"product_cat-mouse-y-teclados","9":"first","10":"instock","11":"shipping-taxable","12":"purchasable","13":"product-type-simple"},"uagb_featured_image_src":{"full":["https:\/\/clinicadelpcrga.cl\/tienda\/wp-content\/uploads\/2025\/12\/1689523519700-MKPL6ZGALN-1-3.webp",640,640,false],"thumbnail":["https:\/\/clinicadelpcrga.cl\/tienda\/wp-content\/uploads\/2025\/12\/1689523519700-MKPL6ZGALN-1-3-150x150.webp",150,150,true],"medium":["https:\/\/clinicadelpcrga.cl\/tienda\/wp-content\/uploads\/2025\/12\/1689523519700-MKPL6ZGALN-1-3-300x300.webp",300,300,true],"medium_large":["https:\/\/clinicadelpcrga.cl\/tienda\/wp-content\/uploads\/2025\/12\/1689523519700-MKPL6ZGALN-1-3.webp",640,640,false],"large":["https:\/\/clinicadelpcrga.cl\/tienda\/wp-content\/uploads\/2025\/12\/1689523519700-MKPL6ZGALN-1-3.webp",640,640,false],"1536x1536":["https:\/\/clinicadelpcrga.cl\/tienda\/wp-content\/uploads\/2025\/12\/1689523519700-MKPL6ZGALN-1-3.webp",640,640,false],"2048x2048":["https:\/\/clinicadelpcrga.cl\/tienda\/wp-content\/uploads\/2025\/12\/1689523519700-MKPL6ZGALN-1-3.webp",640,640,false],"woocommerce_archive_thumbnail":["https:\/\/clinicadelpcrga.cl\/tienda\/wp-content\/uploads\/2025\/12\/1689523519700-MKPL6ZGALN-1-3-500x500.webp",500,500,true],"mailpoet_newsletter_max":["https:\/\/clinicadelpcrga.cl\/tienda\/wp-content\/uploads\/2025\/12\/1689523519700-MKPL6ZGALN-1-3.webp",640,640,false],"woocommerce_thumbnail":["https:\/\/clinicadelpcrga.cl\/tienda\/wp-content\/uploads\/2025\/12\/1689523519700-MKPL6ZGALN-1-3-500x500.webp",500,500,true],"woocommerce_single":["https:\/\/clinicadelpcrga.cl\/tienda\/wp-content\/uploads\/2025\/12\/1689523519700-MKPL6ZGALN-1-3-600x600.webp",600,600,true],"woocommerce_gallery_thumbnail":["https:\/\/clinicadelpcrga.cl\/tienda\/wp-content\/uploads\/2025\/12\/1689523519700-MKPL6ZGALN-1-3-100x100.webp",100,100,true]},"uagb_author_info":{"display_name":"pcrga2025t","author_link":"https:\/\/clinicadelpcrga.cl\/tienda\/author\/"},"uagb_comment_info":0,"uagb_excerpt":"Utilizando la \u00faltima tecnolog\u00eda \u00f3ptica, el rat\u00f3n \u00f3ptico USB con rueda de desplazamiento de HP registra los movimientos precisos a trav\u00e9s de una gran variedad de superficies sin necesidad de una alfombrilla para el rat\u00f3n. Seguimiento \u00f3ptico: reduzca la limpieza constante con el sistema de seguimiento que funciona a trav\u00e9s de la luz, lo que&hellip;","jetpack_sharing_enabled":true,"_links":{"self":[{"href":"https:\/\/clinicadelpcrga.cl\/tienda\/wp-json\/wp\/v2\/product\/5982","targetHints":{"allow":["GET"]}}],"collection":[{"href":"https:\/\/clinicadelpcrga.cl\/tienda\/wp-json\/wp\/v2\/product"}],"about":[{"href":"https:\/\/clinicadelpcrga.cl\/tienda\/wp-json\/wp\/v2\/types\/product"}],"wp:featuredmedia":[{"embeddable":true,"href":"https:\/\/clinicadelpcrga.cl\/tienda\/wp-json\/wp\/v2\/media\/5984"}],"wp:attachment":[{"href":"https:\/\/clinicadelpcrga.cl\/tienda\/wp-json\/wp\/v2\/media?parent=5982"}],"wp:term":[{"taxonomy":"product_brand","embeddable":true,"href":"https:\/\/clinicadelpcrga.cl\/tienda\/wp-json\/wp\/v2\/product_brand?post=5982"},{"taxonomy":"product_cat","embeddable":true,"href":"https:\/\/clinicadelpcrga.cl\/tienda\/wp-json\/wp\/v2\/product_cat?post=5982"},{"taxonomy":"product_tag","embeddable":true,"href":"https:\/\/clinicadelpcrga.cl\/tienda\/wp-json\/wp\/v2\/product_tag?post=5982"}],"curies":[{"name":"wp","href":"https:\/\/api.w.org\/{rel}","templated":true}]}}