{"id":5963,"date":"2025-12-31T03:59:05","date_gmt":"2025-12-31T02:59:05","guid":{"rendered":"https:\/\/clinicadelpcrga.cl\/tienda\/?post_type=product&#038;p=5963"},"modified":"2025-12-31T03:59:05","modified_gmt":"2025-12-31T02:59:05","slug":"pasta-termica-disipadora-de-calor-cpu-y-gpu","status":"publish","type":"product","link":"https:\/\/clinicadelpcrga.cl\/tienda\/producto\/pasta-termica-disipadora-de-calor-cpu-y-gpu\/","title":{"rendered":"Pasta T\u00e9rmica Disipadora De Calor Cpu Y Gpu"},"content":{"rendered":"<p>Gel refrigerante gris para CPU, silicona, alto rendimiento, grasa t\u00e9rmica, compuesto, jeringa, art\u00edculos para el hogar, conductivo disipador t\u00e9rmico.<\/p>\n<p>&#8212; Pasta T\u00e9rmica CPU GPU HY500:<\/p>\n<p>&#8211; Pasta t\u00e9rmica de grafito.<br \/>\n&#8211; Conductividad t\u00e9rmica 1,93 W\/m-k 2,15 W\/m-k.<br \/>\n&#8211; Buen aislamiento el\u00e9ctrico, ruptura de voltaje de 10 kV.<br \/>\n&#8211; Bajo Impacto temporal, pasta t\u00e9rmica se mantiene durante mucho tiempo.<br \/>\n&#8211; Con una temperatura de trabajo de amplia gama, mantener un rendimiento estable en temperatura -30-300.<br \/>\n&#8211; Alto rendimiento.<\/p>\n","protected":false},"excerpt":{"rendered":"<p>Gel refrigerante gris para CPU, silicona, alto rendimiento, grasa t\u00e9rmica,<br \/>\ncompuesto, jeringa, art\u00edculos para el hogar, conductivo disipador t\u00e9rmico.<\/p>\n","protected":false},"featured_media":5817,"template":"","meta":{"_uag_custom_page_level_css":""},"product_brand":[76],"product_cat":[79],"product_tag":[],"class_list":{"0":"post-5963","1":"product","2":"type-product","3":"status-publish","4":"has-post-thumbnail","6":"product_brand-generico","7":"product_cat-enfriamiento","9":"first","10":"instock","11":"shipping-taxable","12":"purchasable","13":"product-type-simple"},"uagb_featured_image_src":{"full":["https:\/\/clinicadelpcrga.cl\/tienda\/wp-content\/uploads\/2025\/12\/Pasta-termica.png",521,497,false],"thumbnail":["https:\/\/clinicadelpcrga.cl\/tienda\/wp-content\/uploads\/2025\/12\/Pasta-termica-150x150.png",150,150,true],"medium":["https:\/\/clinicadelpcrga.cl\/tienda\/wp-content\/uploads\/2025\/12\/Pasta-termica-300x286.png",300,286,true],"medium_large":["https:\/\/clinicadelpcrga.cl\/tienda\/wp-content\/uploads\/2025\/12\/Pasta-termica.png",521,497,false],"large":["https:\/\/clinicadelpcrga.cl\/tienda\/wp-content\/uploads\/2025\/12\/Pasta-termica.png",521,497,false],"1536x1536":["https:\/\/clinicadelpcrga.cl\/tienda\/wp-content\/uploads\/2025\/12\/Pasta-termica.png",521,497,false],"2048x2048":["https:\/\/clinicadelpcrga.cl\/tienda\/wp-content\/uploads\/2025\/12\/Pasta-termica.png",521,497,false],"woocommerce_archive_thumbnail":["https:\/\/clinicadelpcrga.cl\/tienda\/wp-content\/uploads\/2025\/12\/Pasta-termica-500x477.png",500,477,true],"mailpoet_newsletter_max":["https:\/\/clinicadelpcrga.cl\/tienda\/wp-content\/uploads\/2025\/12\/Pasta-termica.png",521,497,false],"woocommerce_thumbnail":["https:\/\/clinicadelpcrga.cl\/tienda\/wp-content\/uploads\/2025\/12\/Pasta-termica-500x497.png",500,497,true],"woocommerce_single":["https:\/\/clinicadelpcrga.cl\/tienda\/wp-content\/uploads\/2025\/12\/Pasta-termica.png",521,497,false],"woocommerce_gallery_thumbnail":["https:\/\/clinicadelpcrga.cl\/tienda\/wp-content\/uploads\/2025\/12\/Pasta-termica-100x100.png",100,100,true]},"uagb_author_info":{"display_name":"pcrga2025t","author_link":"https:\/\/clinicadelpcrga.cl\/tienda\/author\/"},"uagb_comment_info":0,"uagb_excerpt":"Gel refrigerante gris para CPU, silicona, alto rendimiento, grasa t\u00e9rmica, compuesto, jeringa, art\u00edculos para el hogar, conductivo disipador t\u00e9rmico.","jetpack_sharing_enabled":true,"_links":{"self":[{"href":"https:\/\/clinicadelpcrga.cl\/tienda\/wp-json\/wp\/v2\/product\/5963","targetHints":{"allow":["GET"]}}],"collection":[{"href":"https:\/\/clinicadelpcrga.cl\/tienda\/wp-json\/wp\/v2\/product"}],"about":[{"href":"https:\/\/clinicadelpcrga.cl\/tienda\/wp-json\/wp\/v2\/types\/product"}],"wp:featuredmedia":[{"embeddable":true,"href":"https:\/\/clinicadelpcrga.cl\/tienda\/wp-json\/wp\/v2\/media\/5817"}],"wp:attachment":[{"href":"https:\/\/clinicadelpcrga.cl\/tienda\/wp-json\/wp\/v2\/media?parent=5963"}],"wp:term":[{"taxonomy":"product_brand","embeddable":true,"href":"https:\/\/clinicadelpcrga.cl\/tienda\/wp-json\/wp\/v2\/product_brand?post=5963"},{"taxonomy":"product_cat","embeddable":true,"href":"https:\/\/clinicadelpcrga.cl\/tienda\/wp-json\/wp\/v2\/product_cat?post=5963"},{"taxonomy":"product_tag","embeddable":true,"href":"https:\/\/clinicadelpcrga.cl\/tienda\/wp-json\/wp\/v2\/product_tag?post=5963"}],"curies":[{"name":"wp","href":"https:\/\/api.w.org\/{rel}","templated":true}]}}