{"id":5959,"date":"2025-12-31T03:15:05","date_gmt":"2025-12-31T02:15:05","guid":{"rendered":"https:\/\/clinicadelpcrga.cl\/tienda\/?post_type=product&#038;p=5959"},"modified":"2025-12-31T03:15:05","modified_gmt":"2025-12-31T02:15:05","slug":"hub-4-puertos-usb-20-hi-speed","status":"publish","type":"product","link":"https:\/\/clinicadelpcrga.cl\/tienda\/producto\/hub-4-puertos-usb-20-hi-speed\/","title":{"rendered":"Hub 4 Puertos Usb 2,0 Hi Speed"},"content":{"rendered":"<p>Detalles del producto<\/p>\n<p>Velocidad de transferencia: 480 Mbps Mbps (alta velocidad). Especificaci\u00f3n USB: compatible 2.0\/1.1. Puertos: 1 puerto USB upstream, 4 USB downstream Soporta Sistema Operativo: XP\/VISTA, 7, 8, 8.1 (32\/64 bit) Windows y MAC OS 9.0 o superior Conexi\u00f3n de la alimentaci\u00f3n: el modo de autoalimentaci\u00f3n Longitud del cable \/ 55 cm. Color negro. Indicador de estado<br \/>\nHub 4 Puertos Usb 2,0 Hi Speed<\/p>\n","protected":false},"excerpt":{"rendered":"<p>El Mini Hub USB 2.0 Philco Blanco 4p es la soluci\u00f3n perfecta<br \/>\npara quienes buscan expandir sus opciones de conectividad.<br \/>\nCon un dise\u00f1o compacto y elegante en color blanco, este hub<br \/>\npermite conectar hasta cuatro dispositivos simult\u00e1neamente<br \/>\nsin necesidad de un adaptador de poder, esta en color blanco y negro.<\/p>\n","protected":false},"featured_media":5768,"template":"","meta":{"_uag_custom_page_level_css":""},"product_brand":[89],"product_cat":[59],"product_tag":[],"class_list":{"0":"post-5959","1":"product","2":"type-product","3":"status-publish","4":"has-post-thumbnail","6":"product_brand-philco","7":"product_cat-accesorios-y-perifericos","9":"first","10":"instock","11":"shipping-taxable","12":"purchasable","13":"product-type-simple"},"uagb_featured_image_src":{"full":["https:\/\/clinicadelpcrga.cl\/tienda\/wp-content\/uploads\/2025\/12\/Mini-Hub-USB-2.0-Philco-Blanco-4p.webp",540,540,false],"thumbnail":["https:\/\/clinicadelpcrga.cl\/tienda\/wp-content\/uploads\/2025\/12\/Mini-Hub-USB-2.0-Philco-Blanco-4p-150x150.webp",150,150,true],"medium":["https:\/\/clinicadelpcrga.cl\/tienda\/wp-content\/uploads\/2025\/12\/Mini-Hub-USB-2.0-Philco-Blanco-4p-300x300.webp",300,300,true],"medium_large":["https:\/\/clinicadelpcrga.cl\/tienda\/wp-content\/uploads\/2025\/12\/Mini-Hub-USB-2.0-Philco-Blanco-4p.webp",540,540,false],"large":["https:\/\/clinicadelpcrga.cl\/tienda\/wp-content\/uploads\/2025\/12\/Mini-Hub-USB-2.0-Philco-Blanco-4p.webp",540,540,false],"1536x1536":["https:\/\/clinicadelpcrga.cl\/tienda\/wp-content\/uploads\/2025\/12\/Mini-Hub-USB-2.0-Philco-Blanco-4p.webp",540,540,false],"2048x2048":["https:\/\/clinicadelpcrga.cl\/tienda\/wp-content\/uploads\/2025\/12\/Mini-Hub-USB-2.0-Philco-Blanco-4p.webp",540,540,false],"woocommerce_archive_thumbnail":["https:\/\/clinicadelpcrga.cl\/tienda\/wp-content\/uploads\/2025\/12\/Mini-Hub-USB-2.0-Philco-Blanco-4p-500x500.webp",500,500,true],"mailpoet_newsletter_max":["https:\/\/clinicadelpcrga.cl\/tienda\/wp-content\/uploads\/2025\/12\/Mini-Hub-USB-2.0-Philco-Blanco-4p.webp",540,540,false],"woocommerce_thumbnail":["https:\/\/clinicadelpcrga.cl\/tienda\/wp-content\/uploads\/2025\/12\/Mini-Hub-USB-2.0-Philco-Blanco-4p-500x500.webp",500,500,true],"woocommerce_single":["https:\/\/clinicadelpcrga.cl\/tienda\/wp-content\/uploads\/2025\/12\/Mini-Hub-USB-2.0-Philco-Blanco-4p.webp",540,540,false],"woocommerce_gallery_thumbnail":["https:\/\/clinicadelpcrga.cl\/tienda\/wp-content\/uploads\/2025\/12\/Mini-Hub-USB-2.0-Philco-Blanco-4p-100x100.webp",100,100,true]},"uagb_author_info":{"display_name":"pcrga2025t","author_link":"https:\/\/clinicadelpcrga.cl\/tienda\/author\/"},"uagb_comment_info":0,"uagb_excerpt":"El Mini Hub USB 2.0 Philco Blanco 4p es la soluci\u00f3n perfecta para quienes buscan expandir sus opciones de conectividad. Con un dise\u00f1o compacto y elegante en color blanco, este hub permite conectar hasta cuatro dispositivos simult\u00e1neamente sin necesidad de un adaptador de poder, esta en color blanco y negro.","jetpack_sharing_enabled":true,"_links":{"self":[{"href":"https:\/\/clinicadelpcrga.cl\/tienda\/wp-json\/wp\/v2\/product\/5959","targetHints":{"allow":["GET"]}}],"collection":[{"href":"https:\/\/clinicadelpcrga.cl\/tienda\/wp-json\/wp\/v2\/product"}],"about":[{"href":"https:\/\/clinicadelpcrga.cl\/tienda\/wp-json\/wp\/v2\/types\/product"}],"wp:featuredmedia":[{"embeddable":true,"href":"https:\/\/clinicadelpcrga.cl\/tienda\/wp-json\/wp\/v2\/media\/5768"}],"wp:attachment":[{"href":"https:\/\/clinicadelpcrga.cl\/tienda\/wp-json\/wp\/v2\/media?parent=5959"}],"wp:term":[{"taxonomy":"product_brand","embeddable":true,"href":"https:\/\/clinicadelpcrga.cl\/tienda\/wp-json\/wp\/v2\/product_brand?post=5959"},{"taxonomy":"product_cat","embeddable":true,"href":"https:\/\/clinicadelpcrga.cl\/tienda\/wp-json\/wp\/v2\/product_cat?post=5959"},{"taxonomy":"product_tag","embeddable":true,"href":"https:\/\/clinicadelpcrga.cl\/tienda\/wp-json\/wp\/v2\/product_tag?post=5959"}],"curies":[{"name":"wp","href":"https:\/\/api.w.org\/{rel}","templated":true}]}}