{"id":5953,"date":"2025-12-30T12:16:59","date_gmt":"2025-12-30T11:16:59","guid":{"rendered":"https:\/\/clinicadelpcrga.cl\/tienda\/?post_type=product&#038;p=5953"},"modified":"2025-12-31T16:57:52","modified_gmt":"2025-12-31T15:57:52","slug":"parlantes-pc-notebook-estereo-multimedia","status":"publish","type":"product","link":"https:\/\/clinicadelpcrga.cl\/tienda\/producto\/parlantes-pc-notebook-estereo-multimedia\/","title":{"rendered":"Parlantes Xtech Spekter Xts-115"},"content":{"rendered":"<p>Parlantes est\u00e9reos multimedia de 2.0 canales con cable para alimentaci\u00f3n USB y conexi\u00f3n de 3,5mm con dise\u00f1o contempor\u00e1neo. Potencia de salida de 6 watts RMS para un sonido n\u00edtido y sin distorsi\u00f3n. Conveniente perilla para el control del volumen ubicada al frente para ajustar la intensidad del sonido de la computadora, reproductores de DVD, CD o audio digital.<\/p>\n<p>Caracter\u00edsticas:<\/p>\n<p>M\u00e1xima potencia de salida (RMS): 6W<br \/>\nEntrada de CC: USB de 5V<br \/>\nBotones: Perilla para el control del volumen<br \/>\nUnidad del parlante: 2 pulgadas cada una<br \/>\nFrecuencia: 120Hz-18KHz<br \/>\nRelaci\u00f3n de se\u00f1al a ruido: 60dB<br \/>\nTipo de conexi\u00f3n: 3,5mm para audio y USB para alimentaci\u00f3<br \/>\n<img loading=\"lazy\" decoding=\"async\" src=\"https:\/\/clinicadelpcrga.cl\/tienda\/wp-content\/uploads\/2025\/12\/D_NQ_NP_2X_845764-MLU74490065850_022024-F-150x150.webp\" alt=\"parlantes pc notebook estereo multimedia\" width=\"150\" height=\"150\" class=\"alignleft size-thumbnail wp-image-5989\" title=\"Parlantes Xtech Spekter Xts-115\" srcset=\"https:\/\/clinicadelpcrga.cl\/tienda\/wp-content\/uploads\/2025\/12\/D_NQ_NP_2X_845764-MLU74490065850_022024-F-150x150.webp 150w, https:\/\/clinicadelpcrga.cl\/tienda\/wp-content\/uploads\/2025\/12\/D_NQ_NP_2X_845764-MLU74490065850_022024-F-500x500.webp 500w, https:\/\/clinicadelpcrga.cl\/tienda\/wp-content\/uploads\/2025\/12\/D_NQ_NP_2X_845764-MLU74490065850_022024-F-100x100.webp 100w\" sizes=\"auto, (max-width: 150px) 100vw, 150px\" \/><\/p>\n","protected":false},"excerpt":{"rendered":"<p>Parlantes est\u00e9reos multimedia de 2.0 canales con cable<br \/>\npara alimentaci\u00f3n USB y conexi\u00f3n de 3,5mm con dise\u00f1o contempor\u00e1neo.<\/p>\n","protected":false},"featured_media":5988,"template":"","meta":{"_uag_custom_page_level_css":""},"product_brand":[83],"product_cat":[87],"product_tag":[],"class_list":{"0":"post-5953","1":"product","2":"type-product","3":"status-publish","4":"has-post-thumbnail","6":"product_brand-xtech","7":"product_cat-parlante-pc","9":"first","10":"instock","11":"shipping-taxable","12":"purchasable","13":"product-type-simple"},"uagb_featured_image_src":{"full":["https:\/\/clinicadelpcrga.cl\/tienda\/wp-content\/uploads\/2025\/12\/D_NQ_NP_2X_624355-MLU74490065844_022024-F.webp",1185,912,false],"thumbnail":["https:\/\/clinicadelpcrga.cl\/tienda\/wp-content\/uploads\/2025\/12\/D_NQ_NP_2X_624355-MLU74490065844_022024-F-150x150.webp",150,150,true],"medium":["https:\/\/clinicadelpcrga.cl\/tienda\/wp-content\/uploads\/2025\/12\/D_NQ_NP_2X_624355-MLU74490065844_022024-F-300x231.webp",300,231,true],"medium_large":["https:\/\/clinicadelpcrga.cl\/tienda\/wp-content\/uploads\/2025\/12\/D_NQ_NP_2X_624355-MLU74490065844_022024-F-768x591.webp",768,591,true],"large":["https:\/\/clinicadelpcrga.cl\/tienda\/wp-content\/uploads\/2025\/12\/D_NQ_NP_2X_624355-MLU74490065844_022024-F-1024x788.webp",1024,788,true],"1536x1536":["https:\/\/clinicadelpcrga.cl\/tienda\/wp-content\/uploads\/2025\/12\/D_NQ_NP_2X_624355-MLU74490065844_022024-F.webp",1185,912,false],"2048x2048":["https:\/\/clinicadelpcrga.cl\/tienda\/wp-content\/uploads\/2025\/12\/D_NQ_NP_2X_624355-MLU74490065844_022024-F.webp",1185,912,false],"woocommerce_archive_thumbnail":["https:\/\/clinicadelpcrga.cl\/tienda\/wp-content\/uploads\/2025\/12\/D_NQ_NP_2X_624355-MLU74490065844_022024-F-500x385.webp",500,385,true],"mailpoet_newsletter_max":["https:\/\/clinicadelpcrga.cl\/tienda\/wp-content\/uploads\/2025\/12\/D_NQ_NP_2X_624355-MLU74490065844_022024-F.webp",1185,912,false],"woocommerce_thumbnail":["https:\/\/clinicadelpcrga.cl\/tienda\/wp-content\/uploads\/2025\/12\/D_NQ_NP_2X_624355-MLU74490065844_022024-F-500x500.webp",500,500,true],"woocommerce_single":["https:\/\/clinicadelpcrga.cl\/tienda\/wp-content\/uploads\/2025\/12\/D_NQ_NP_2X_624355-MLU74490065844_022024-F-600x462.webp",600,462,true],"woocommerce_gallery_thumbnail":["https:\/\/clinicadelpcrga.cl\/tienda\/wp-content\/uploads\/2025\/12\/D_NQ_NP_2X_624355-MLU74490065844_022024-F-100x100.webp",100,100,true]},"uagb_author_info":{"display_name":"pcrga2025t","author_link":"https:\/\/clinicadelpcrga.cl\/tienda\/author\/"},"uagb_comment_info":0,"uagb_excerpt":"Parlantes est\u00e9reos multimedia de 2.0 canales con cable para alimentaci\u00f3n USB y conexi\u00f3n de 3,5mm con dise\u00f1o contempor\u00e1neo.","jetpack_sharing_enabled":true,"_links":{"self":[{"href":"https:\/\/clinicadelpcrga.cl\/tienda\/wp-json\/wp\/v2\/product\/5953","targetHints":{"allow":["GET"]}}],"collection":[{"href":"https:\/\/clinicadelpcrga.cl\/tienda\/wp-json\/wp\/v2\/product"}],"about":[{"href":"https:\/\/clinicadelpcrga.cl\/tienda\/wp-json\/wp\/v2\/types\/product"}],"wp:featuredmedia":[{"embeddable":true,"href":"https:\/\/clinicadelpcrga.cl\/tienda\/wp-json\/wp\/v2\/media\/5988"}],"wp:attachment":[{"href":"https:\/\/clinicadelpcrga.cl\/tienda\/wp-json\/wp\/v2\/media?parent=5953"}],"wp:term":[{"taxonomy":"product_brand","embeddable":true,"href":"https:\/\/clinicadelpcrga.cl\/tienda\/wp-json\/wp\/v2\/product_brand?post=5953"},{"taxonomy":"product_cat","embeddable":true,"href":"https:\/\/clinicadelpcrga.cl\/tienda\/wp-json\/wp\/v2\/product_cat?post=5953"},{"taxonomy":"product_tag","embeddable":true,"href":"https:\/\/clinicadelpcrga.cl\/tienda\/wp-json\/wp\/v2\/product_tag?post=5953"}],"curies":[{"name":"wp","href":"https:\/\/api.w.org\/{rel}","templated":true}]}}