{"id":5950,"date":"2025-12-30T12:02:55","date_gmt":"2025-12-30T11:02:55","guid":{"rendered":"https:\/\/clinicadelpcrga.cl\/tienda\/?post_type=product&#038;p=5950"},"modified":"2025-12-30T12:06:35","modified_gmt":"2025-12-30T11:06:35","slug":"linterna-de-bolsillo","status":"publish","type":"product","link":"https:\/\/clinicadelpcrga.cl\/tienda\/producto\/linterna-de-bolsillo\/","title":{"rendered":"Linterna De Bolsillo"},"content":{"rendered":"<p>Caracter\u00edsticas destacadas:<\/p>\n<p>Zoom Telesc\u00f3pico: Ajusta el alcance de la luz seg\u00fan tus necesidades.<br \/>\nTipo de Luz: LED, con tecnolog\u00eda COB + XPE para una iluminaci\u00f3n clara y eficiente.<br \/>\nModos de Luz: 3 opciones para adaptarse a diferentes escenarios.<br \/>\nCarga USB: Incluye cable de carga Micro USB para mayor comodidad.<br \/>\nTama\u00f1o Compacto: Mide solo 9 x 2.3 x 2.3 cm, ideal para llevar a todas partes.<br \/>\nCon su incre\u00edble potencia de 300 l\u00famenes y una capacidad de iluminaci\u00f3n excepcional,<br \/>\nesta linterna se adapta a cualquier situaci\u00f3n.<br \/>\n<img loading=\"lazy\" decoding=\"async\" src=\"https:\/\/clinicadelpcrga.cl\/tienda\/wp-content\/uploads\/2025\/12\/1078-150x150.webp\" alt=\"linterna de bolsillo\" width=\"150\" height=\"150\" class=\"alignleft size-thumbnail wp-image-5951\" title=\"Linterna De Bolsillo\" srcset=\"https:\/\/clinicadelpcrga.cl\/tienda\/wp-content\/uploads\/2025\/12\/1078-150x150.webp 150w, https:\/\/clinicadelpcrga.cl\/tienda\/wp-content\/uploads\/2025\/12\/1078-500x500.webp 500w, https:\/\/clinicadelpcrga.cl\/tienda\/wp-content\/uploads\/2025\/12\/1078-100x100.webp 100w\" sizes=\"auto, (max-width: 150px) 100vw, 150px\" \/><\/p>\n","protected":false},"excerpt":{"rendered":"<p>mini linterna LED de alta potencia Tecnolab,<br \/>\nModelo TL545! Perfecta para camping, caza,<br \/>\ndeportes o para mantener en tu veh\u00edculo en caso de emergencia.<\/p>\n","protected":false},"featured_media":5762,"template":"","meta":{"_uag_custom_page_level_css":""},"product_brand":[85],"product_cat":[86],"product_tag":[],"class_list":{"0":"post-5950","1":"product","2":"type-product","3":"status-publish","4":"has-post-thumbnail","6":"product_brand-tecnolab","7":"product_cat-iluminacion","9":"first","10":"instock","11":"shipping-taxable","12":"purchasable","13":"product-type-simple"},"uagb_featured_image_src":{"full":["https:\/\/clinicadelpcrga.cl\/tienda\/wp-content\/uploads\/2025\/12\/Linterna-De-Bolsillo-Led-COB-XPE-y-Zoom-Tecnolab-TL545.webp",540,540,false],"thumbnail":["https:\/\/clinicadelpcrga.cl\/tienda\/wp-content\/uploads\/2025\/12\/Linterna-De-Bolsillo-Led-COB-XPE-y-Zoom-Tecnolab-TL545-150x150.webp",150,150,true],"medium":["https:\/\/clinicadelpcrga.cl\/tienda\/wp-content\/uploads\/2025\/12\/Linterna-De-Bolsillo-Led-COB-XPE-y-Zoom-Tecnolab-TL545-300x300.webp",300,300,true],"medium_large":["https:\/\/clinicadelpcrga.cl\/tienda\/wp-content\/uploads\/2025\/12\/Linterna-De-Bolsillo-Led-COB-XPE-y-Zoom-Tecnolab-TL545.webp",540,540,false],"large":["https:\/\/clinicadelpcrga.cl\/tienda\/wp-content\/uploads\/2025\/12\/Linterna-De-Bolsillo-Led-COB-XPE-y-Zoom-Tecnolab-TL545.webp",540,540,false],"1536x1536":["https:\/\/clinicadelpcrga.cl\/tienda\/wp-content\/uploads\/2025\/12\/Linterna-De-Bolsillo-Led-COB-XPE-y-Zoom-Tecnolab-TL545.webp",540,540,false],"2048x2048":["https:\/\/clinicadelpcrga.cl\/tienda\/wp-content\/uploads\/2025\/12\/Linterna-De-Bolsillo-Led-COB-XPE-y-Zoom-Tecnolab-TL545.webp",540,540,false],"woocommerce_archive_thumbnail":["https:\/\/clinicadelpcrga.cl\/tienda\/wp-content\/uploads\/2025\/12\/Linterna-De-Bolsillo-Led-COB-XPE-y-Zoom-Tecnolab-TL545-500x500.webp",500,500,true],"mailpoet_newsletter_max":["https:\/\/clinicadelpcrga.cl\/tienda\/wp-content\/uploads\/2025\/12\/Linterna-De-Bolsillo-Led-COB-XPE-y-Zoom-Tecnolab-TL545.webp",540,540,false],"woocommerce_thumbnail":["https:\/\/clinicadelpcrga.cl\/tienda\/wp-content\/uploads\/2025\/12\/Linterna-De-Bolsillo-Led-COB-XPE-y-Zoom-Tecnolab-TL545-500x500.webp",500,500,true],"woocommerce_single":["https:\/\/clinicadelpcrga.cl\/tienda\/wp-content\/uploads\/2025\/12\/Linterna-De-Bolsillo-Led-COB-XPE-y-Zoom-Tecnolab-TL545.webp",540,540,false],"woocommerce_gallery_thumbnail":["https:\/\/clinicadelpcrga.cl\/tienda\/wp-content\/uploads\/2025\/12\/Linterna-De-Bolsillo-Led-COB-XPE-y-Zoom-Tecnolab-TL545-100x100.webp",100,100,true]},"uagb_author_info":{"display_name":"pcrga2025t","author_link":"https:\/\/clinicadelpcrga.cl\/tienda\/author\/"},"uagb_comment_info":0,"uagb_excerpt":"mini linterna LED de alta potencia Tecnolab, Modelo TL545! Perfecta para camping, caza, deportes o para mantener en tu veh\u00edculo en caso de emergencia.","jetpack_sharing_enabled":true,"_links":{"self":[{"href":"https:\/\/clinicadelpcrga.cl\/tienda\/wp-json\/wp\/v2\/product\/5950","targetHints":{"allow":["GET"]}}],"collection":[{"href":"https:\/\/clinicadelpcrga.cl\/tienda\/wp-json\/wp\/v2\/product"}],"about":[{"href":"https:\/\/clinicadelpcrga.cl\/tienda\/wp-json\/wp\/v2\/types\/product"}],"wp:featuredmedia":[{"embeddable":true,"href":"https:\/\/clinicadelpcrga.cl\/tienda\/wp-json\/wp\/v2\/media\/5762"}],"wp:attachment":[{"href":"https:\/\/clinicadelpcrga.cl\/tienda\/wp-json\/wp\/v2\/media?parent=5950"}],"wp:term":[{"taxonomy":"product_brand","embeddable":true,"href":"https:\/\/clinicadelpcrga.cl\/tienda\/wp-json\/wp\/v2\/product_brand?post=5950"},{"taxonomy":"product_cat","embeddable":true,"href":"https:\/\/clinicadelpcrga.cl\/tienda\/wp-json\/wp\/v2\/product_cat?post=5950"},{"taxonomy":"product_tag","embeddable":true,"href":"https:\/\/clinicadelpcrga.cl\/tienda\/wp-json\/wp\/v2\/product_tag?post=5950"}],"curies":[{"name":"wp","href":"https:\/\/api.w.org\/{rel}","templated":true}]}}