{"id":5942,"date":"2025-12-30T11:37:49","date_gmt":"2025-12-30T10:37:49","guid":{"rendered":"https:\/\/clinicadelpcrga.cl\/tienda\/?post_type=product&#038;p=5942"},"modified":"2025-12-30T11:37:49","modified_gmt":"2025-12-30T10:37:49","slug":"parlante-inalambrico-bt-sd-radio-multicolor-dblue","status":"publish","type":"product","link":"https:\/\/clinicadelpcrga.cl\/tienda\/producto\/parlante-inalambrico-bt-sd-radio-multicolor-dblue\/","title":{"rendered":"Parlante Inal\u00e1mbrico Bt\/Sd\/Radio Multicolor Dblue"},"content":{"rendered":"<p>Caracter\u00edsticas Principales:<\/p>\n<p>Conexi\u00f3n Bluetooth 3.0 + EDR: Disfruta de una conexi\u00f3n r\u00e1pida y estable con tu tel\u00e9fono, tablet o cualquier dispositivo Bluetooth, con un alcance de hasta 10 metros.<br \/>\nFunci\u00f3n Radio FM: Escucha tus estaciones de radio favoritas en cualquier lugar con la funcionalidad de radio FM incorporada.<br \/>\nRanura para Tarjeta SD y Conexi\u00f3n USB: Adem\u00e1s de Bluetooth, el parlante incluye ranura para tarjeta SD y puerto USB, lo que te permite reproducir m\u00fasica directamente desde tus dispositivos de almacenamiento sin necesidad de conexi\u00f3n adicional.<br \/>\nIluminaci\u00f3n Multicolor: El parlante tiene luces LED que cambian de color, creando un ambiente divertido y vibrante mientras escuchas tu m\u00fasica.<br \/>\nFunci\u00f3n Manos Libres: Incorpora un micr\u00f3fono que te permite recibir llamadas sin tener que tocar tu tel\u00e9fono, ideal para momentos de trabajo o conversaci\u00f3n mientras te mueves.<br \/>\nBater\u00eda Recargable y USB Incluido: Viene con una bater\u00eda recargable que proporciona hasta 5 horas de m\u00fasica continua y un cable de carga USB incluido para facilitar la recarga.<\/p>\n","protected":false},"excerpt":{"rendered":"<p>Parlante Inal\u00e1mbrico Multicolor Dblue DBS048BK \u2013<br \/>\n Sonido y Estilo Port\u00e1til para Todos los Momentos<\/p>\n","protected":false},"featured_media":5813,"template":"","meta":{"_uag_custom_page_level_css":""},"product_brand":[82],"product_cat":[77],"product_tag":[],"class_list":{"0":"post-5942","1":"product","2":"type-product","3":"status-publish","4":"has-post-thumbnail","6":"product_brand-dblue","7":"product_cat-audio","9":"first","10":"instock","11":"shipping-taxable","12":"purchasable","13":"product-type-simple"},"uagb_featured_image_src":{"full":["https:\/\/clinicadelpcrga.cl\/tienda\/wp-content\/uploads\/2025\/12\/Parlante-Inalambrico-Bt-Sd-Radio-Multicolor-Dblue-DBS048BK-Negro.webp",540,540,false],"thumbnail":["https:\/\/clinicadelpcrga.cl\/tienda\/wp-content\/uploads\/2025\/12\/Parlante-Inalambrico-Bt-Sd-Radio-Multicolor-Dblue-DBS048BK-Negro-150x150.webp",150,150,true],"medium":["https:\/\/clinicadelpcrga.cl\/tienda\/wp-content\/uploads\/2025\/12\/Parlante-Inalambrico-Bt-Sd-Radio-Multicolor-Dblue-DBS048BK-Negro-300x300.webp",300,300,true],"medium_large":["https:\/\/clinicadelpcrga.cl\/tienda\/wp-content\/uploads\/2025\/12\/Parlante-Inalambrico-Bt-Sd-Radio-Multicolor-Dblue-DBS048BK-Negro.webp",540,540,false],"large":["https:\/\/clinicadelpcrga.cl\/tienda\/wp-content\/uploads\/2025\/12\/Parlante-Inalambrico-Bt-Sd-Radio-Multicolor-Dblue-DBS048BK-Negro.webp",540,540,false],"1536x1536":["https:\/\/clinicadelpcrga.cl\/tienda\/wp-content\/uploads\/2025\/12\/Parlante-Inalambrico-Bt-Sd-Radio-Multicolor-Dblue-DBS048BK-Negro.webp",540,540,false],"2048x2048":["https:\/\/clinicadelpcrga.cl\/tienda\/wp-content\/uploads\/2025\/12\/Parlante-Inalambrico-Bt-Sd-Radio-Multicolor-Dblue-DBS048BK-Negro.webp",540,540,false],"woocommerce_archive_thumbnail":["https:\/\/clinicadelpcrga.cl\/tienda\/wp-content\/uploads\/2025\/12\/Parlante-Inalambrico-Bt-Sd-Radio-Multicolor-Dblue-DBS048BK-Negro-500x500.webp",500,500,true],"mailpoet_newsletter_max":["https:\/\/clinicadelpcrga.cl\/tienda\/wp-content\/uploads\/2025\/12\/Parlante-Inalambrico-Bt-Sd-Radio-Multicolor-Dblue-DBS048BK-Negro.webp",540,540,false],"woocommerce_thumbnail":["https:\/\/clinicadelpcrga.cl\/tienda\/wp-content\/uploads\/2025\/12\/Parlante-Inalambrico-Bt-Sd-Radio-Multicolor-Dblue-DBS048BK-Negro-500x500.webp",500,500,true],"woocommerce_single":["https:\/\/clinicadelpcrga.cl\/tienda\/wp-content\/uploads\/2025\/12\/Parlante-Inalambrico-Bt-Sd-Radio-Multicolor-Dblue-DBS048BK-Negro.webp",540,540,false],"woocommerce_gallery_thumbnail":["https:\/\/clinicadelpcrga.cl\/tienda\/wp-content\/uploads\/2025\/12\/Parlante-Inalambrico-Bt-Sd-Radio-Multicolor-Dblue-DBS048BK-Negro-100x100.webp",100,100,true]},"uagb_author_info":{"display_name":"pcrga2025t","author_link":"https:\/\/clinicadelpcrga.cl\/tienda\/author\/"},"uagb_comment_info":0,"uagb_excerpt":"Parlante Inal\u00e1mbrico Multicolor Dblue DBS048BK \u2013 Sonido y Estilo Port\u00e1til para Todos los Momentos","jetpack_sharing_enabled":true,"_links":{"self":[{"href":"https:\/\/clinicadelpcrga.cl\/tienda\/wp-json\/wp\/v2\/product\/5942","targetHints":{"allow":["GET"]}}],"collection":[{"href":"https:\/\/clinicadelpcrga.cl\/tienda\/wp-json\/wp\/v2\/product"}],"about":[{"href":"https:\/\/clinicadelpcrga.cl\/tienda\/wp-json\/wp\/v2\/types\/product"}],"wp:featuredmedia":[{"embeddable":true,"href":"https:\/\/clinicadelpcrga.cl\/tienda\/wp-json\/wp\/v2\/media\/5813"}],"wp:attachment":[{"href":"https:\/\/clinicadelpcrga.cl\/tienda\/wp-json\/wp\/v2\/media?parent=5942"}],"wp:term":[{"taxonomy":"product_brand","embeddable":true,"href":"https:\/\/clinicadelpcrga.cl\/tienda\/wp-json\/wp\/v2\/product_brand?post=5942"},{"taxonomy":"product_cat","embeddable":true,"href":"https:\/\/clinicadelpcrga.cl\/tienda\/wp-json\/wp\/v2\/product_cat?post=5942"},{"taxonomy":"product_tag","embeddable":true,"href":"https:\/\/clinicadelpcrga.cl\/tienda\/wp-json\/wp\/v2\/product_tag?post=5942"}],"curies":[{"name":"wp","href":"https:\/\/api.w.org\/{rel}","templated":true}]}}