{"id":5933,"date":"2025-12-30T11:14:19","date_gmt":"2025-12-30T10:14:19","guid":{"rendered":"https:\/\/clinicadelpcrga.cl\/tienda\/?post_type=product&#038;p=5933"},"modified":"2025-12-30T11:17:26","modified_gmt":"2025-12-30T10:17:26","slug":"mouse-gamer-trust-4000dpi-gxt-133-locx","status":"publish","type":"product","link":"https:\/\/clinicadelpcrga.cl\/tienda\/producto\/mouse-gamer-trust-4000dpi-gxt-133-locx\/","title":{"rendered":"Mouse Gamer Trust 4000dpi GXT 133 Locx"},"content":{"rendered":"<p>Sensor \u00f3ptico ajustable de 800 a 4000 DPI para un control preciso y adaptable a diferentes juegos y estilos.<br \/>\n6 botones de respuesta r\u00e1pida, incluyendo un bot\u00f3n dedicado para cambiar la sensibilidad (DPI) al instante.<br \/>\nDise\u00f1o ambidiestro con laterales texturizados que proporcionan un agarre c\u00f3modo y seguro para ambos tipos de usuarios.<br \/>\nIluminaci\u00f3n LED programable con 4 efectos de luz de respiraci\u00f3n que cambia de color seg\u00fan el nivel de DPI seleccionado (rojo, azul, verde y fucsia).<br \/>\nCable USB trenzado de nailon de 1,8 metros, resistente y duradero para evitar enredos y asegurar una conexi\u00f3n estable.<\/p>\n","protected":false},"excerpt":{"rendered":"<p>El Trust GXT 133 Locx es un mouse gamer con cable dise\u00f1ado para ofrecer<br \/>\nprecisi\u00f3n y comodidad durante largas sesiones de juego.<\/p>\n","protected":false},"featured_media":5781,"template":"","meta":{"_uag_custom_page_level_css":""},"product_brand":[],"product_cat":[81],"product_tag":[],"class_list":{"0":"post-5933","1":"product","2":"type-product","3":"status-publish","4":"has-post-thumbnail","6":"product_cat-mouse-y-teclados","8":"first","9":"instock","10":"shipping-taxable","11":"purchasable","12":"product-type-simple"},"uagb_featured_image_src":{"full":["https:\/\/clinicadelpcrga.cl\/tienda\/wp-content\/uploads\/2025\/12\/Mouse-Gamer-Trust-4000dpi-GTX-133-Locx.webp",540,540,false],"thumbnail":["https:\/\/clinicadelpcrga.cl\/tienda\/wp-content\/uploads\/2025\/12\/Mouse-Gamer-Trust-4000dpi-GTX-133-Locx-150x150.webp",150,150,true],"medium":["https:\/\/clinicadelpcrga.cl\/tienda\/wp-content\/uploads\/2025\/12\/Mouse-Gamer-Trust-4000dpi-GTX-133-Locx-300x300.webp",300,300,true],"medium_large":["https:\/\/clinicadelpcrga.cl\/tienda\/wp-content\/uploads\/2025\/12\/Mouse-Gamer-Trust-4000dpi-GTX-133-Locx.webp",540,540,false],"large":["https:\/\/clinicadelpcrga.cl\/tienda\/wp-content\/uploads\/2025\/12\/Mouse-Gamer-Trust-4000dpi-GTX-133-Locx.webp",540,540,false],"1536x1536":["https:\/\/clinicadelpcrga.cl\/tienda\/wp-content\/uploads\/2025\/12\/Mouse-Gamer-Trust-4000dpi-GTX-133-Locx.webp",540,540,false],"2048x2048":["https:\/\/clinicadelpcrga.cl\/tienda\/wp-content\/uploads\/2025\/12\/Mouse-Gamer-Trust-4000dpi-GTX-133-Locx.webp",540,540,false],"woocommerce_archive_thumbnail":["https:\/\/clinicadelpcrga.cl\/tienda\/wp-content\/uploads\/2025\/12\/Mouse-Gamer-Trust-4000dpi-GTX-133-Locx-500x500.webp",500,500,true],"mailpoet_newsletter_max":["https:\/\/clinicadelpcrga.cl\/tienda\/wp-content\/uploads\/2025\/12\/Mouse-Gamer-Trust-4000dpi-GTX-133-Locx.webp",540,540,false],"woocommerce_thumbnail":["https:\/\/clinicadelpcrga.cl\/tienda\/wp-content\/uploads\/2025\/12\/Mouse-Gamer-Trust-4000dpi-GTX-133-Locx-500x500.webp",500,500,true],"woocommerce_single":["https:\/\/clinicadelpcrga.cl\/tienda\/wp-content\/uploads\/2025\/12\/Mouse-Gamer-Trust-4000dpi-GTX-133-Locx.webp",540,540,false],"woocommerce_gallery_thumbnail":["https:\/\/clinicadelpcrga.cl\/tienda\/wp-content\/uploads\/2025\/12\/Mouse-Gamer-Trust-4000dpi-GTX-133-Locx-100x100.webp",100,100,true]},"uagb_author_info":{"display_name":"pcrga2025t","author_link":"https:\/\/clinicadelpcrga.cl\/tienda\/author\/"},"uagb_comment_info":0,"uagb_excerpt":"El Trust GXT 133 Locx es un mouse gamer con cable dise\u00f1ado para ofrecer precisi\u00f3n y comodidad durante largas sesiones de juego.","jetpack_sharing_enabled":true,"_links":{"self":[{"href":"https:\/\/clinicadelpcrga.cl\/tienda\/wp-json\/wp\/v2\/product\/5933","targetHints":{"allow":["GET"]}}],"collection":[{"href":"https:\/\/clinicadelpcrga.cl\/tienda\/wp-json\/wp\/v2\/product"}],"about":[{"href":"https:\/\/clinicadelpcrga.cl\/tienda\/wp-json\/wp\/v2\/types\/product"}],"wp:featuredmedia":[{"embeddable":true,"href":"https:\/\/clinicadelpcrga.cl\/tienda\/wp-json\/wp\/v2\/media\/5781"}],"wp:attachment":[{"href":"https:\/\/clinicadelpcrga.cl\/tienda\/wp-json\/wp\/v2\/media?parent=5933"}],"wp:term":[{"taxonomy":"product_brand","embeddable":true,"href":"https:\/\/clinicadelpcrga.cl\/tienda\/wp-json\/wp\/v2\/product_brand?post=5933"},{"taxonomy":"product_cat","embeddable":true,"href":"https:\/\/clinicadelpcrga.cl\/tienda\/wp-json\/wp\/v2\/product_cat?post=5933"},{"taxonomy":"product_tag","embeddable":true,"href":"https:\/\/clinicadelpcrga.cl\/tienda\/wp-json\/wp\/v2\/product_tag?post=5933"}],"curies":[{"name":"wp","href":"https:\/\/api.w.org\/{rel}","templated":true}]}}