{"id":5928,"date":"2025-12-30T10:43:06","date_gmt":"2025-12-30T09:43:06","guid":{"rendered":"https:\/\/clinicadelpcrga.cl\/tienda\/?post_type=product&#038;p=5928"},"modified":"2025-12-30T10:43:07","modified_gmt":"2025-12-30T09:43:07","slug":"parlante-bluetooth-para-motos-scooter-bicicletas-portatil","status":"publish","type":"product","link":"https:\/\/clinicadelpcrga.cl\/tienda\/producto\/parlante-bluetooth-para-motos-scooter-bicicletas-portatil\/","title":{"rendered":"Parlante Bluetooth Para Motos \/ Scooter \/ Bicicletas Port\u00e1til"},"content":{"rendered":"<p>Parlante Bluetooth Para Motos \/ Scooter \/ Bicicletas Port\u00e1til &#8211; PS Este parlante con soporte a manubrios de Scooter, bicicletas, scooter u otros, te resultar\u00e1 muy \u00fatil si eres un viajero amante de las excursiones o la acampada al que le gusta escuchar m\u00fasica y seguir conectado con el m\u00f3vil. Podr\u00e1s escuchar la m\u00fasica guardada en tu dispositivo, amplificar el sonido y contestar llamadas mientras caminas, corres, montas en bicicleta, o incluso para viajar en coche o caravana. Caracter\u00edsticas: &#8211; Parlante port\u00e1til. &#8211; Fm, USB, TF, Line in, TWS. &#8211; Manos libres para llamadas. &#8211; Voltage de carga: DC 5V-500MAH. &#8211; Bluetooth 5.3 &#8211; Rango de alcance: 10M. &#8211; Capacidad de bater\u00eda: 500MAH\/3.7V &#8211; Tiempo de uso: 2-3 horas. &#8211; Relaci\u00f3n se\u00f1al ruido 95dB. &#8211; Frecuencia de respuesta: 150Hz &#8211; 20 KHZ &#8211; 5W RMS.<\/p>\n","protected":false},"excerpt":{"rendered":"<p>Este parlante con soporte a manubrios de Scooter, bicicletas, scooter u otros, te resultar\u00e1 muy \u00fatil si eres un viajero amante de las excursiones o la acampada al que le gusta escuchar m\u00fasica y seguir conectado con el m\u00f3vil.<\/p>\n","protected":false},"featured_media":5812,"template":"","meta":{"_uag_custom_page_level_css":""},"product_brand":[78],"product_cat":[77],"product_tag":[],"class_list":{"0":"post-5928","1":"product","2":"type-product","3":"status-publish","4":"has-post-thumbnail","6":"product_brand-audio-pro","7":"product_cat-audio","9":"first","10":"instock","11":"shipping-taxable","12":"purchasable","13":"product-type-simple"},"uagb_featured_image_src":{"full":["https:\/\/clinicadelpcrga.cl\/tienda\/wp-content\/uploads\/2025\/12\/Parlante-Bt-Para-Bicicleta-Moto-o-Scooter-Audipro-AP02104BK.webp",540,540,false],"thumbnail":["https:\/\/clinicadelpcrga.cl\/tienda\/wp-content\/uploads\/2025\/12\/Parlante-Bt-Para-Bicicleta-Moto-o-Scooter-Audipro-AP02104BK-150x150.webp",150,150,true],"medium":["https:\/\/clinicadelpcrga.cl\/tienda\/wp-content\/uploads\/2025\/12\/Parlante-Bt-Para-Bicicleta-Moto-o-Scooter-Audipro-AP02104BK-300x300.webp",300,300,true],"medium_large":["https:\/\/clinicadelpcrga.cl\/tienda\/wp-content\/uploads\/2025\/12\/Parlante-Bt-Para-Bicicleta-Moto-o-Scooter-Audipro-AP02104BK.webp",540,540,false],"large":["https:\/\/clinicadelpcrga.cl\/tienda\/wp-content\/uploads\/2025\/12\/Parlante-Bt-Para-Bicicleta-Moto-o-Scooter-Audipro-AP02104BK.webp",540,540,false],"1536x1536":["https:\/\/clinicadelpcrga.cl\/tienda\/wp-content\/uploads\/2025\/12\/Parlante-Bt-Para-Bicicleta-Moto-o-Scooter-Audipro-AP02104BK.webp",540,540,false],"2048x2048":["https:\/\/clinicadelpcrga.cl\/tienda\/wp-content\/uploads\/2025\/12\/Parlante-Bt-Para-Bicicleta-Moto-o-Scooter-Audipro-AP02104BK.webp",540,540,false],"woocommerce_archive_thumbnail":["https:\/\/clinicadelpcrga.cl\/tienda\/wp-content\/uploads\/2025\/12\/Parlante-Bt-Para-Bicicleta-Moto-o-Scooter-Audipro-AP02104BK-500x500.webp",500,500,true],"mailpoet_newsletter_max":["https:\/\/clinicadelpcrga.cl\/tienda\/wp-content\/uploads\/2025\/12\/Parlante-Bt-Para-Bicicleta-Moto-o-Scooter-Audipro-AP02104BK.webp",540,540,false],"woocommerce_thumbnail":["https:\/\/clinicadelpcrga.cl\/tienda\/wp-content\/uploads\/2025\/12\/Parlante-Bt-Para-Bicicleta-Moto-o-Scooter-Audipro-AP02104BK-500x500.webp",500,500,true],"woocommerce_single":["https:\/\/clinicadelpcrga.cl\/tienda\/wp-content\/uploads\/2025\/12\/Parlante-Bt-Para-Bicicleta-Moto-o-Scooter-Audipro-AP02104BK.webp",540,540,false],"woocommerce_gallery_thumbnail":["https:\/\/clinicadelpcrga.cl\/tienda\/wp-content\/uploads\/2025\/12\/Parlante-Bt-Para-Bicicleta-Moto-o-Scooter-Audipro-AP02104BK-100x100.webp",100,100,true]},"uagb_author_info":{"display_name":"pcrga2025t","author_link":"https:\/\/clinicadelpcrga.cl\/tienda\/author\/"},"uagb_comment_info":0,"uagb_excerpt":"Este parlante con soporte a manubrios de Scooter, bicicletas, scooter u otros, te resultar\u00e1 muy \u00fatil si eres un viajero amante de las excursiones o la acampada al que le gusta escuchar m\u00fasica y seguir conectado con el m\u00f3vil.","jetpack_sharing_enabled":true,"_links":{"self":[{"href":"https:\/\/clinicadelpcrga.cl\/tienda\/wp-json\/wp\/v2\/product\/5928","targetHints":{"allow":["GET"]}}],"collection":[{"href":"https:\/\/clinicadelpcrga.cl\/tienda\/wp-json\/wp\/v2\/product"}],"about":[{"href":"https:\/\/clinicadelpcrga.cl\/tienda\/wp-json\/wp\/v2\/types\/product"}],"wp:featuredmedia":[{"embeddable":true,"href":"https:\/\/clinicadelpcrga.cl\/tienda\/wp-json\/wp\/v2\/media\/5812"}],"wp:attachment":[{"href":"https:\/\/clinicadelpcrga.cl\/tienda\/wp-json\/wp\/v2\/media?parent=5928"}],"wp:term":[{"taxonomy":"product_brand","embeddable":true,"href":"https:\/\/clinicadelpcrga.cl\/tienda\/wp-json\/wp\/v2\/product_brand?post=5928"},{"taxonomy":"product_cat","embeddable":true,"href":"https:\/\/clinicadelpcrga.cl\/tienda\/wp-json\/wp\/v2\/product_cat?post=5928"},{"taxonomy":"product_tag","embeddable":true,"href":"https:\/\/clinicadelpcrga.cl\/tienda\/wp-json\/wp\/v2\/product_tag?post=5928"}],"curies":[{"name":"wp","href":"https:\/\/api.w.org\/{rel}","templated":true}]}}