{"id":5922,"date":"2025-12-30T05:15:32","date_gmt":"2025-12-30T04:15:32","guid":{"rendered":"https:\/\/clinicadelpcrga.cl\/tienda\/?post_type=product&#038;p=5922"},"modified":"2025-12-31T16:37:28","modified_gmt":"2025-12-31T15:37:28","slug":"mouse-ergonomico-inalambrico-vertical-3600-dpi-d5-usb","status":"publish","type":"product","link":"https:\/\/clinicadelpcrga.cl\/tienda\/producto\/mouse-ergonomico-inalambrico-vertical-3600-dpi-d5-usb\/","title":{"rendered":"Mouse Ergon\u00f3mico Inal\u00e1mbrico Vertical 3600 Dpi D5 Usb"},"content":{"rendered":"<p>Transmisi\u00f3n inal\u00e1mbrica digital de 2,4 GHz, la distancia de funcionamiento es de hasta 10 metros. 2. Memoria de rat\u00f3n integrada, no es necesario grabar despu\u00e9s del reemplazo de la bater\u00eda. 3. Tecnolog\u00eda inteligente de ahorro de energ\u00eda, la vida \u00fatil de una bater\u00eda alcalina es de hasta seis meses. 4. Conectividad inteligente, sin necesidad de codificar, plug-and-play. 5. Dise\u00f1o ergon\u00f3mico, agarre c\u00f3modo. 6. Control de clase inactiva y m\u00e1s hibernaci\u00f3n de ahorro de energ\u00eda sin conexi\u00f3n. 7. 1600PI 8. Dise\u00f1o Vertical Ergon\u00f3mico.<\/p>\n<p><img loading=\"lazy\" decoding=\"async\" class=\"alignleft size-thumbnail wp-image-5923\" src=\"https:\/\/clinicadelpcrga.cl\/tienda\/wp-content\/uploads\/2025\/12\/D_Q_NP_2X_810512-MLU78461183652_082024-F-150x150.webp\" alt=\"mouse ergon\u00f3mico inal\u00e1mbrico vertical 3600 dpi d5 usb\" width=\"150\" height=\"150\" title=\"Mouse Ergon\u00f3mico Inal\u00e1mbrico Vertical 3600 Dpi D5 Usb\" srcset=\"https:\/\/clinicadelpcrga.cl\/tienda\/wp-content\/uploads\/2025\/12\/D_Q_NP_2X_810512-MLU78461183652_082024-F-150x150.webp 150w, https:\/\/clinicadelpcrga.cl\/tienda\/wp-content\/uploads\/2025\/12\/D_Q_NP_2X_810512-MLU78461183652_082024-F-500x500.webp 500w, https:\/\/clinicadelpcrga.cl\/tienda\/wp-content\/uploads\/2025\/12\/D_Q_NP_2X_810512-MLU78461183652_082024-F-100x100.webp 100w\" sizes=\"auto, (max-width: 150px) 100vw, 150px\" \/><\/p>\n","protected":false},"excerpt":{"rendered":"<p>Especificaciones t\u00e9cnicas de 2,4G. 1. RF: 2402 MHz-2480 MHz 2. Canal de operaci\u00f3n RF: 16, salto de frecuencia autom\u00e1tico 3. Voltaje nominal: 3 V 4. Corriente nominal: 12-20 mA 5. M\u00e1x. Aceleraci\u00f3n: 14 pies\/seg<\/p>\n","protected":false},"featured_media":5787,"template":"","meta":{"_uag_custom_page_level_css":""},"product_brand":[75],"product_cat":[81],"product_tag":[],"class_list":{"0":"post-5922","1":"product","2":"type-product","3":"status-publish","4":"has-post-thumbnail","6":"product_brand-reptilex","7":"product_cat-mouse-y-teclados","9":"first","10":"instock","11":"shipping-taxable","12":"product-type-simple"},"uagb_featured_image_src":{"full":["https:\/\/clinicadelpcrga.cl\/tienda\/wp-content\/uploads\/2025\/12\/Mouse-Vertical-Ergonomico-Bt-ReptileX-Gris-RX0053.webp",540,540,false],"thumbnail":["https:\/\/clinicadelpcrga.cl\/tienda\/wp-content\/uploads\/2025\/12\/Mouse-Vertical-Ergonomico-Bt-ReptileX-Gris-RX0053-150x150.webp",150,150,true],"medium":["https:\/\/clinicadelpcrga.cl\/tienda\/wp-content\/uploads\/2025\/12\/Mouse-Vertical-Ergonomico-Bt-ReptileX-Gris-RX0053-300x300.webp",300,300,true],"medium_large":["https:\/\/clinicadelpcrga.cl\/tienda\/wp-content\/uploads\/2025\/12\/Mouse-Vertical-Ergonomico-Bt-ReptileX-Gris-RX0053.webp",540,540,false],"large":["https:\/\/clinicadelpcrga.cl\/tienda\/wp-content\/uploads\/2025\/12\/Mouse-Vertical-Ergonomico-Bt-ReptileX-Gris-RX0053.webp",540,540,false],"1536x1536":["https:\/\/clinicadelpcrga.cl\/tienda\/wp-content\/uploads\/2025\/12\/Mouse-Vertical-Ergonomico-Bt-ReptileX-Gris-RX0053.webp",540,540,false],"2048x2048":["https:\/\/clinicadelpcrga.cl\/tienda\/wp-content\/uploads\/2025\/12\/Mouse-Vertical-Ergonomico-Bt-ReptileX-Gris-RX0053.webp",540,540,false],"woocommerce_archive_thumbnail":["https:\/\/clinicadelpcrga.cl\/tienda\/wp-content\/uploads\/2025\/12\/Mouse-Vertical-Ergonomico-Bt-ReptileX-Gris-RX0053-500x500.webp",500,500,true],"mailpoet_newsletter_max":["https:\/\/clinicadelpcrga.cl\/tienda\/wp-content\/uploads\/2025\/12\/Mouse-Vertical-Ergonomico-Bt-ReptileX-Gris-RX0053.webp",540,540,false],"woocommerce_thumbnail":["https:\/\/clinicadelpcrga.cl\/tienda\/wp-content\/uploads\/2025\/12\/Mouse-Vertical-Ergonomico-Bt-ReptileX-Gris-RX0053-500x500.webp",500,500,true],"woocommerce_single":["https:\/\/clinicadelpcrga.cl\/tienda\/wp-content\/uploads\/2025\/12\/Mouse-Vertical-Ergonomico-Bt-ReptileX-Gris-RX0053.webp",540,540,false],"woocommerce_gallery_thumbnail":["https:\/\/clinicadelpcrga.cl\/tienda\/wp-content\/uploads\/2025\/12\/Mouse-Vertical-Ergonomico-Bt-ReptileX-Gris-RX0053-100x100.webp",100,100,true]},"uagb_author_info":{"display_name":"pcrga2025t","author_link":"https:\/\/clinicadelpcrga.cl\/tienda\/author\/"},"uagb_comment_info":0,"uagb_excerpt":"Especificaciones t\u00e9cnicas de 2,4G. 1. RF: 2402 MHz-2480 MHz 2. Canal de operaci\u00f3n RF: 16, salto de frecuencia autom\u00e1tico 3. Voltaje nominal: 3 V 4. Corriente nominal: 12-20 mA 5. M\u00e1x. Aceleraci\u00f3n: 14 pies\/seg","jetpack_sharing_enabled":true,"_links":{"self":[{"href":"https:\/\/clinicadelpcrga.cl\/tienda\/wp-json\/wp\/v2\/product\/5922","targetHints":{"allow":["GET"]}}],"collection":[{"href":"https:\/\/clinicadelpcrga.cl\/tienda\/wp-json\/wp\/v2\/product"}],"about":[{"href":"https:\/\/clinicadelpcrga.cl\/tienda\/wp-json\/wp\/v2\/types\/product"}],"wp:featuredmedia":[{"embeddable":true,"href":"https:\/\/clinicadelpcrga.cl\/tienda\/wp-json\/wp\/v2\/media\/5787"}],"wp:attachment":[{"href":"https:\/\/clinicadelpcrga.cl\/tienda\/wp-json\/wp\/v2\/media?parent=5922"}],"wp:term":[{"taxonomy":"product_brand","embeddable":true,"href":"https:\/\/clinicadelpcrga.cl\/tienda\/wp-json\/wp\/v2\/product_brand?post=5922"},{"taxonomy":"product_cat","embeddable":true,"href":"https:\/\/clinicadelpcrga.cl\/tienda\/wp-json\/wp\/v2\/product_cat?post=5922"},{"taxonomy":"product_tag","embeddable":true,"href":"https:\/\/clinicadelpcrga.cl\/tienda\/wp-json\/wp\/v2\/product_tag?post=5922"}],"curies":[{"name":"wp","href":"https:\/\/api.w.org\/{rel}","templated":true}]}}