{"id":5920,"date":"2025-12-30T05:08:57","date_gmt":"2025-12-30T04:08:57","guid":{"rendered":"https:\/\/clinicadelpcrga.cl\/tienda\/?post_type=product&#038;p=5920"},"modified":"2025-12-30T05:08:58","modified_gmt":"2025-12-30T04:08:58","slug":"pendrive-sandisk-cruzer-blade-sdcz50-128g","status":"publish","type":"product","link":"https:\/\/clinicadelpcrga.cl\/tienda\/producto\/pendrive-sandisk-cruzer-blade-sdcz50-128g\/","title":{"rendered":"Pendrive SanDisk Cruzer Blade SDCZ50-128G"},"content":{"rendered":"<p>SanDisk es sin\u00f3nimo de rendimiento, calidad y confiabilidad. Sus dispositivos se destacan por un estilo moderno y compacto; a su vez, por su gran capacidad de almacenamiento que te brindar\u00e1 la posibilidad de realizar copias de seguridad de tus archivos, transferirlos y compartirlos. Esta unidad USB te permitir\u00e1 llevar tus fotos, pel\u00edculas, m\u00fasica y datos personales dondequiera que vayas. Capacidad adaptada a tus requerimientos Este pendrive te permitir\u00e1 almacenar hasta 128 GB para que puedas guardar gran cantidad de informaci\u00f3n, im\u00e1genes u otros tipos de archivos. Olv\u00eddate de la tapa Este modelo se caracteriza por un dise\u00f1o conveniente sin tapa que elimina el problema de perderla, lo que te brindar\u00e1 mayor comodidad y tranquilidad. M\u00e1s seguro y pr\u00e1ctico Con este dispositivo podr\u00e1s mantener tus archivos siempre protegidos. Adem\u00e1s su uso es muy pr\u00e1ctico: solo debes conectarlo al aparato y arrastrar los archivos hasta la unidad. Ll\u00e9valo siempre contigo Cuenta con un dise\u00f1o super compacto, delgado y resistente para que puedas llevarlo adonde vayas. \u00a1Podr\u00e1s usarlo y transportarlo con facilidad cuando te muevas de un lado al otro!<\/p>\n","protected":false},"excerpt":{"rendered":"<p>SanDisk\u00a0 capacidad adaptada a tus requerimientos Este pendrive te permitir\u00e1 almacenar hasta 128 GB para que puedas guardar gran cantidad de informaci\u00f3n, im\u00e1genes u otros tipos de archivos.<\/p>\n","protected":false},"featured_media":5821,"template":"","meta":{"_uag_custom_page_level_css":""},"product_brand":[74],"product_cat":[60],"product_tag":[],"class_list":{"0":"post-5920","1":"product","2":"type-product","3":"status-publish","4":"has-post-thumbnail","6":"product_brand-sandisk","7":"product_cat-almacenamiento-y-discos-duros","9":"first","10":"instock","11":"shipping-taxable","12":"purchasable","13":"product-type-simple"},"uagb_featured_image_src":{"full":["https:\/\/clinicadelpcrga.cl\/tienda\/wp-content\/uploads\/2025\/12\/pendrive-16gb-20-sandisk.jpg",800,960,false],"thumbnail":["https:\/\/clinicadelpcrga.cl\/tienda\/wp-content\/uploads\/2025\/12\/pendrive-16gb-20-sandisk-150x150.jpg",150,150,true],"medium":["https:\/\/clinicadelpcrga.cl\/tienda\/wp-content\/uploads\/2025\/12\/pendrive-16gb-20-sandisk-250x300.jpg",250,300,true],"medium_large":["https:\/\/clinicadelpcrga.cl\/tienda\/wp-content\/uploads\/2025\/12\/pendrive-16gb-20-sandisk-768x922.jpg",768,922,true],"large":["https:\/\/clinicadelpcrga.cl\/tienda\/wp-content\/uploads\/2025\/12\/pendrive-16gb-20-sandisk.jpg",800,960,false],"1536x1536":["https:\/\/clinicadelpcrga.cl\/tienda\/wp-content\/uploads\/2025\/12\/pendrive-16gb-20-sandisk.jpg",800,960,false],"2048x2048":["https:\/\/clinicadelpcrga.cl\/tienda\/wp-content\/uploads\/2025\/12\/pendrive-16gb-20-sandisk.jpg",800,960,false],"woocommerce_archive_thumbnail":["https:\/\/clinicadelpcrga.cl\/tienda\/wp-content\/uploads\/2025\/12\/pendrive-16gb-20-sandisk-500x600.jpg",500,600,true],"mailpoet_newsletter_max":["https:\/\/clinicadelpcrga.cl\/tienda\/wp-content\/uploads\/2025\/12\/pendrive-16gb-20-sandisk.jpg",800,960,false],"woocommerce_thumbnail":["https:\/\/clinicadelpcrga.cl\/tienda\/wp-content\/uploads\/2025\/12\/pendrive-16gb-20-sandisk-500x500.jpg",500,500,true],"woocommerce_single":["https:\/\/clinicadelpcrga.cl\/tienda\/wp-content\/uploads\/2025\/12\/pendrive-16gb-20-sandisk-600x720.jpg",600,720,true],"woocommerce_gallery_thumbnail":["https:\/\/clinicadelpcrga.cl\/tienda\/wp-content\/uploads\/2025\/12\/pendrive-16gb-20-sandisk-100x100.jpg",100,100,true]},"uagb_author_info":{"display_name":"pcrga2025t","author_link":"https:\/\/clinicadelpcrga.cl\/tienda\/author\/"},"uagb_comment_info":0,"uagb_excerpt":"SanDisk\u00a0 capacidad adaptada a tus requerimientos Este pendrive te permitir\u00e1 almacenar hasta 128 GB para que puedas guardar gran cantidad de informaci\u00f3n, im\u00e1genes u otros tipos de archivos.","jetpack_sharing_enabled":true,"_links":{"self":[{"href":"https:\/\/clinicadelpcrga.cl\/tienda\/wp-json\/wp\/v2\/product\/5920","targetHints":{"allow":["GET"]}}],"collection":[{"href":"https:\/\/clinicadelpcrga.cl\/tienda\/wp-json\/wp\/v2\/product"}],"about":[{"href":"https:\/\/clinicadelpcrga.cl\/tienda\/wp-json\/wp\/v2\/types\/product"}],"wp:featuredmedia":[{"embeddable":true,"href":"https:\/\/clinicadelpcrga.cl\/tienda\/wp-json\/wp\/v2\/media\/5821"}],"wp:attachment":[{"href":"https:\/\/clinicadelpcrga.cl\/tienda\/wp-json\/wp\/v2\/media?parent=5920"}],"wp:term":[{"taxonomy":"product_brand","embeddable":true,"href":"https:\/\/clinicadelpcrga.cl\/tienda\/wp-json\/wp\/v2\/product_brand?post=5920"},{"taxonomy":"product_cat","embeddable":true,"href":"https:\/\/clinicadelpcrga.cl\/tienda\/wp-json\/wp\/v2\/product_cat?post=5920"},{"taxonomy":"product_tag","embeddable":true,"href":"https:\/\/clinicadelpcrga.cl\/tienda\/wp-json\/wp\/v2\/product_tag?post=5920"}],"curies":[{"name":"wp","href":"https:\/\/api.w.org\/{rel}","templated":true}]}}