{"id":5917,"date":"2025-12-30T05:02:14","date_gmt":"2025-12-30T04:02:14","guid":{"rendered":"https:\/\/clinicadelpcrga.cl\/tienda\/?post_type=product&#038;p=5917"},"modified":"2025-12-31T16:51:02","modified_gmt":"2025-12-31T15:51:02","slug":"parlante-pc-trust-gemi-2-0-led-rgb-jack-3-5mm","status":"publish","type":"product","link":"https:\/\/clinicadelpcrga.cl\/tienda\/producto\/parlante-pc-trust-gemi-2-0-led-rgb-jack-3-5mm\/","title":{"rendered":"Parlante PC Trust Gemi 2.0 Led-RGB Jack 3.5mm."},"content":{"rendered":"<p>El juego de altavoces Trust Gemi iluminados con LED RGB 2.0, es un conjunto de altavoces compacto y elegante para complementar los equipos dom\u00e9sticos o de oficina. Con una potencia m\u00e1xima de 12 W (6 W RMS) disfrutar\u00e1s de las pel\u00edculas, los sonidos de los juegos y tu m\u00fasica favorita desde el ordenador o el port\u00e1til. Garantiza un sonido claro y ocupa poco espacio en el escritorio. F\u00e1cil instalaci\u00f3n El Gemi funciona con cualquier PC o port\u00e1til y se alimenta por USB (solo poder), lo que significa que los altavoces se pueden instalar muy f\u00e1cilmente. Solo tienes que enchufar el cable USB de 140 cm y el cable de conexi\u00f3n de audio de 3,5 mm y ya estar\u00e1n listos: no es necesario disponer de una toma de pared. Una vez conectados, los altavoces se iluminan con un ciclo de color RGB automatizado<br \/>\n<img loading=\"lazy\" decoding=\"async\" src=\"https:\/\/clinicadelpcrga.cl\/tienda\/wp-content\/uploads\/2025\/12\/Parlante-para-PC-Trust-Gemi-RGB-22948-4-150x150.png\" alt=\"parlante pc trust gemi 2.0 led rgb jack 3.5mm.\" width=\"150\" height=\"150\" class=\"alignleft size-thumbnail wp-image-5987\" title=\"Parlante PC Trust Gemi 2.0 Led-RGB Jack 3.5mm.\" srcset=\"https:\/\/clinicadelpcrga.cl\/tienda\/wp-content\/uploads\/2025\/12\/Parlante-para-PC-Trust-Gemi-RGB-22948-4-150x150.png 150w, https:\/\/clinicadelpcrga.cl\/tienda\/wp-content\/uploads\/2025\/12\/Parlante-para-PC-Trust-Gemi-RGB-22948-4-500x500.png 500w, https:\/\/clinicadelpcrga.cl\/tienda\/wp-content\/uploads\/2025\/12\/Parlante-para-PC-Trust-Gemi-RGB-22948-4-100x100.png 100w, https:\/\/clinicadelpcrga.cl\/tienda\/wp-content\/uploads\/2025\/12\/Parlante-para-PC-Trust-Gemi-RGB-22948-4-600x600.png 600w, https:\/\/clinicadelpcrga.cl\/tienda\/wp-content\/uploads\/2025\/12\/Parlante-para-PC-Trust-Gemi-RGB-22948-4-300x300.png 300w, https:\/\/clinicadelpcrga.cl\/tienda\/wp-content\/uploads\/2025\/12\/Parlante-para-PC-Trust-Gemi-RGB-22948-4-768x768.png 768w, https:\/\/clinicadelpcrga.cl\/tienda\/wp-content\/uploads\/2025\/12\/Parlante-para-PC-Trust-Gemi-RGB-22948-4.png 1000w\" sizes=\"auto, (max-width: 150px) 100vw, 150px\" \/><\/p>\n","protected":false},"excerpt":{"rendered":"<p>El juego de altavoces Trust Gemi iluminados con LED RGB 2.0, es un conjunto de altavoces compacto y elegante para complementar los equipos dom\u00e9sticos o de oficina. Con una potencia m\u00e1xima de 12 W (6 W RMS) disfrutar\u00e1s de las pel\u00edculas, los sonidos de los juegos y tu m\u00fasica favorita<\/p>\n","protected":false},"featured_media":5986,"template":"","meta":{"_uag_custom_page_level_css":""},"product_brand":[73],"product_cat":[87],"product_tag":[],"class_list":{"0":"post-5917","1":"product","2":"type-product","3":"status-publish","4":"has-post-thumbnail","6":"product_brand-trust","7":"product_cat-parlante-pc","9":"first","10":"instock","11":"shipping-taxable","12":"purchasable","13":"product-type-simple"},"uagb_featured_image_src":{"full":["https:\/\/clinicadelpcrga.cl\/tienda\/wp-content\/uploads\/2025\/12\/Parlante-para-PC-Trust-Gemi-RGB-22948.png",1000,1000,false],"thumbnail":["https:\/\/clinicadelpcrga.cl\/tienda\/wp-content\/uploads\/2025\/12\/Parlante-para-PC-Trust-Gemi-RGB-22948-150x150.png",150,150,true],"medium":["https:\/\/clinicadelpcrga.cl\/tienda\/wp-content\/uploads\/2025\/12\/Parlante-para-PC-Trust-Gemi-RGB-22948-300x300.png",300,300,true],"medium_large":["https:\/\/clinicadelpcrga.cl\/tienda\/wp-content\/uploads\/2025\/12\/Parlante-para-PC-Trust-Gemi-RGB-22948-768x768.png",768,768,true],"large":["https:\/\/clinicadelpcrga.cl\/tienda\/wp-content\/uploads\/2025\/12\/Parlante-para-PC-Trust-Gemi-RGB-22948.png",1000,1000,false],"1536x1536":["https:\/\/clinicadelpcrga.cl\/tienda\/wp-content\/uploads\/2025\/12\/Parlante-para-PC-Trust-Gemi-RGB-22948.png",1000,1000,false],"2048x2048":["https:\/\/clinicadelpcrga.cl\/tienda\/wp-content\/uploads\/2025\/12\/Parlante-para-PC-Trust-Gemi-RGB-22948.png",1000,1000,false],"woocommerce_archive_thumbnail":["https:\/\/clinicadelpcrga.cl\/tienda\/wp-content\/uploads\/2025\/12\/Parlante-para-PC-Trust-Gemi-RGB-22948-500x500.png",500,500,true],"mailpoet_newsletter_max":["https:\/\/clinicadelpcrga.cl\/tienda\/wp-content\/uploads\/2025\/12\/Parlante-para-PC-Trust-Gemi-RGB-22948.png",1000,1000,false],"woocommerce_thumbnail":["https:\/\/clinicadelpcrga.cl\/tienda\/wp-content\/uploads\/2025\/12\/Parlante-para-PC-Trust-Gemi-RGB-22948-500x500.png",500,500,true],"woocommerce_single":["https:\/\/clinicadelpcrga.cl\/tienda\/wp-content\/uploads\/2025\/12\/Parlante-para-PC-Trust-Gemi-RGB-22948-600x600.png",600,600,true],"woocommerce_gallery_thumbnail":["https:\/\/clinicadelpcrga.cl\/tienda\/wp-content\/uploads\/2025\/12\/Parlante-para-PC-Trust-Gemi-RGB-22948-100x100.png",100,100,true]},"uagb_author_info":{"display_name":"pcrga2025t","author_link":"https:\/\/clinicadelpcrga.cl\/tienda\/author\/"},"uagb_comment_info":0,"uagb_excerpt":"El juego de altavoces Trust Gemi iluminados con LED RGB 2.0, es un conjunto de altavoces compacto y elegante para complementar los equipos dom\u00e9sticos o de oficina. Con una potencia m\u00e1xima de 12 W (6 W RMS) disfrutar\u00e1s de las pel\u00edculas, los sonidos de los juegos y tu m\u00fasica favorita","jetpack_sharing_enabled":true,"_links":{"self":[{"href":"https:\/\/clinicadelpcrga.cl\/tienda\/wp-json\/wp\/v2\/product\/5917","targetHints":{"allow":["GET"]}}],"collection":[{"href":"https:\/\/clinicadelpcrga.cl\/tienda\/wp-json\/wp\/v2\/product"}],"about":[{"href":"https:\/\/clinicadelpcrga.cl\/tienda\/wp-json\/wp\/v2\/types\/product"}],"wp:featuredmedia":[{"embeddable":true,"href":"https:\/\/clinicadelpcrga.cl\/tienda\/wp-json\/wp\/v2\/media\/5986"}],"wp:attachment":[{"href":"https:\/\/clinicadelpcrga.cl\/tienda\/wp-json\/wp\/v2\/media?parent=5917"}],"wp:term":[{"taxonomy":"product_brand","embeddable":true,"href":"https:\/\/clinicadelpcrga.cl\/tienda\/wp-json\/wp\/v2\/product_brand?post=5917"},{"taxonomy":"product_cat","embeddable":true,"href":"https:\/\/clinicadelpcrga.cl\/tienda\/wp-json\/wp\/v2\/product_cat?post=5917"},{"taxonomy":"product_tag","embeddable":true,"href":"https:\/\/clinicadelpcrga.cl\/tienda\/wp-json\/wp\/v2\/product_tag?post=5917"}],"curies":[{"name":"wp","href":"https:\/\/api.w.org\/{rel}","templated":true}]}}