{"id":5913,"date":"2025-12-30T04:50:02","date_gmt":"2025-12-30T03:50:02","guid":{"rendered":"https:\/\/clinicadelpcrga.cl\/tienda\/?post_type=product&#038;p=5913"},"modified":"2025-12-30T04:53:35","modified_gmt":"2025-12-30T03:53:35","slug":"organizador-cables-escritorio-con-adhesivo-resistente","status":"publish","type":"product","link":"https:\/\/clinicadelpcrga.cl\/tienda\/producto\/organizador-cables-escritorio-con-adhesivo-resistente\/","title":{"rendered":"Organizador Cables Escritorio Con Adhesivo resistente"},"content":{"rendered":"<p>Material: Caucho PVC Color: Negro Organizador de cables adhesivo x3 Tama\u00f1o: 3 agujeros: 6,5 cm; 5 agujeros: 9,5 cm; 7 agujeros: 13 cm Ideal para sostener y organizar cables USB de tel\u00e9fono y cables de red\/computadora\/tv\/enchufe y m\u00e1s. \u00a1Compatibilidad m\u00e1s fuerte! Adopta un adhesivo fuerte y es f\u00e1cil de instalar en la superficie de varios materiales, como paredes, pl\u00e1sticos, vidrios, metales, autom\u00f3viles, etc. No se desprende autom\u00e1ticamente y no deja marcas ni da\u00f1a las superficies cuando se retira. \u00a1Mant\u00e9n tu espacio de trabajo limpio y ordenado!<\/p>\n<p>&#8220;Esta en color negro y blanco&#8221;<\/p>\n<p><img loading=\"lazy\" decoding=\"async\" class=\"alignleft size-thumbnail wp-image-5832\" src=\"https:\/\/clinicadelpcrga.cl\/tienda\/wp-content\/uploads\/2025\/12\/soporte-cable3-150x150.png\" alt=\"auto draft\" width=\"150\" height=\"150\" title=\"Organizador Cables Escritorio Con Adhesivo resistente\" srcset=\"https:\/\/clinicadelpcrga.cl\/tienda\/wp-content\/uploads\/2025\/12\/soporte-cable3-150x150.png 150w, https:\/\/clinicadelpcrga.cl\/tienda\/wp-content\/uploads\/2025\/12\/soporte-cable3-100x100.png 100w\" sizes=\"auto, (max-width: 150px) 100vw, 150px\" \/><img loading=\"lazy\" decoding=\"async\" class=\"alignleft size-thumbnail wp-image-5830\" src=\"https:\/\/clinicadelpcrga.cl\/tienda\/wp-content\/uploads\/2025\/12\/soporte-cable1-150x150.png\" alt=\"auto draft\" width=\"150\" height=\"150\" title=\"Organizador Cables Escritorio Con Adhesivo resistente\" srcset=\"https:\/\/clinicadelpcrga.cl\/tienda\/wp-content\/uploads\/2025\/12\/soporte-cable1-150x150.png 150w, https:\/\/clinicadelpcrga.cl\/tienda\/wp-content\/uploads\/2025\/12\/soporte-cable1-500x500.png 500w, https:\/\/clinicadelpcrga.cl\/tienda\/wp-content\/uploads\/2025\/12\/soporte-cable1-100x100.png 100w\" sizes=\"auto, (max-width: 150px) 100vw, 150px\" \/><\/p>\n","protected":false},"excerpt":{"rendered":"<p>MULTIPROP\u00d3SITO: se puede usar con varios cables, incluidos cables de computadora\/TV, cables USB y cables de red, y se puede conectar a cualquier superficie de su hogar u oficina, como paredes, pl\u00e1stico, madera, vidrio, metal, caucho, etc.<\/p>\n","protected":false},"featured_media":5831,"template":"","meta":{"_uag_custom_page_level_css":""},"product_brand":[],"product_cat":[59],"product_tag":[],"class_list":{"0":"post-5913","1":"product","2":"type-product","3":"status-publish","4":"has-post-thumbnail","6":"product_cat-accesorios-y-perifericos","8":"first","9":"instock","10":"shipping-taxable","11":"purchasable","12":"product-type-simple"},"uagb_featured_image_src":{"full":["https:\/\/clinicadelpcrga.cl\/tienda\/wp-content\/uploads\/2025\/12\/soporte-cable2png.png",565,560,false],"thumbnail":["https:\/\/clinicadelpcrga.cl\/tienda\/wp-content\/uploads\/2025\/12\/soporte-cable2png-150x150.png",150,150,true],"medium":["https:\/\/clinicadelpcrga.cl\/tienda\/wp-content\/uploads\/2025\/12\/soporte-cable2png-300x297.png",300,297,true],"medium_large":["https:\/\/clinicadelpcrga.cl\/tienda\/wp-content\/uploads\/2025\/12\/soporte-cable2png.png",565,560,false],"large":["https:\/\/clinicadelpcrga.cl\/tienda\/wp-content\/uploads\/2025\/12\/soporte-cable2png.png",565,560,false],"1536x1536":["https:\/\/clinicadelpcrga.cl\/tienda\/wp-content\/uploads\/2025\/12\/soporte-cable2png.png",565,560,false],"2048x2048":["https:\/\/clinicadelpcrga.cl\/tienda\/wp-content\/uploads\/2025\/12\/soporte-cable2png.png",565,560,false],"woocommerce_archive_thumbnail":["https:\/\/clinicadelpcrga.cl\/tienda\/wp-content\/uploads\/2025\/12\/soporte-cable2png-500x496.png",500,496,true],"mailpoet_newsletter_max":["https:\/\/clinicadelpcrga.cl\/tienda\/wp-content\/uploads\/2025\/12\/soporte-cable2png.png",565,560,false],"woocommerce_thumbnail":["https:\/\/clinicadelpcrga.cl\/tienda\/wp-content\/uploads\/2025\/12\/soporte-cable2png-500x500.png",500,500,true],"woocommerce_single":["https:\/\/clinicadelpcrga.cl\/tienda\/wp-content\/uploads\/2025\/12\/soporte-cable2png.png",565,560,false],"woocommerce_gallery_thumbnail":["https:\/\/clinicadelpcrga.cl\/tienda\/wp-content\/uploads\/2025\/12\/soporte-cable2png-100x100.png",100,100,true]},"uagb_author_info":{"display_name":"pcrga2025t","author_link":"https:\/\/clinicadelpcrga.cl\/tienda\/author\/"},"uagb_comment_info":0,"uagb_excerpt":"MULTIPROP\u00d3SITO: se puede usar con varios cables, incluidos cables de computadora\/TV, cables USB y cables de red, y se puede conectar a cualquier superficie de su hogar u oficina, como paredes, pl\u00e1stico, madera, vidrio, metal, caucho, etc.","jetpack_sharing_enabled":true,"_links":{"self":[{"href":"https:\/\/clinicadelpcrga.cl\/tienda\/wp-json\/wp\/v2\/product\/5913","targetHints":{"allow":["GET"]}}],"collection":[{"href":"https:\/\/clinicadelpcrga.cl\/tienda\/wp-json\/wp\/v2\/product"}],"about":[{"href":"https:\/\/clinicadelpcrga.cl\/tienda\/wp-json\/wp\/v2\/types\/product"}],"wp:featuredmedia":[{"embeddable":true,"href":"https:\/\/clinicadelpcrga.cl\/tienda\/wp-json\/wp\/v2\/media\/5831"}],"wp:attachment":[{"href":"https:\/\/clinicadelpcrga.cl\/tienda\/wp-json\/wp\/v2\/media?parent=5913"}],"wp:term":[{"taxonomy":"product_brand","embeddable":true,"href":"https:\/\/clinicadelpcrga.cl\/tienda\/wp-json\/wp\/v2\/product_brand?post=5913"},{"taxonomy":"product_cat","embeddable":true,"href":"https:\/\/clinicadelpcrga.cl\/tienda\/wp-json\/wp\/v2\/product_cat?post=5913"},{"taxonomy":"product_tag","embeddable":true,"href":"https:\/\/clinicadelpcrga.cl\/tienda\/wp-json\/wp\/v2\/product_tag?post=5913"}],"curies":[{"name":"wp","href":"https:\/\/api.w.org\/{rel}","templated":true}]}}