{"id":5678,"date":"2025-12-29T04:53:13","date_gmt":"2025-12-29T03:53:13","guid":{"rendered":"https:\/\/clinicadelpcrga.cl\/tienda\/?post_type=product&#038;p=5678"},"modified":"2025-12-31T16:39:35","modified_gmt":"2025-12-31T15:39:35","slug":"audifonos-reptile-x-gamer-pro-ps4-pc-azul","status":"publish","type":"product","link":"https:\/\/clinicadelpcrga.cl\/tienda\/producto\/audifonos-reptile-x-gamer-pro-ps4-pc-azul\/","title":{"rendered":"Audifonos Reptile X Gamer Pro Ps4 Pc Azul"},"content":{"rendered":"<p>Aud\u00edfono Gamer con Micr\u00f3fono compatible con Pc\/ps4\/xone\/switch\/celular<br \/>\nReptilex ha dise\u00f1ado su l\u00ednea de Aud\u00edfonos Gamer Pro pensado en optimizar la experiencia del jugador, enfocado en el equilibrio entre audio de juego y comunicaciones.<br \/>\nSu micr\u00f3fono unidireccional garantiza una claridad absoluta en las comunicaciones cuando coordinas la estrategia con tus compa\u00f1eros de equipo. &#8211; Aud\u00edfonos Gamer con micr\u00f3fono<br \/>\n&#8211; Almohadillas acolchadas.<br \/>\n&#8211; Power: 100mW<br \/>\n&#8211; Largo de cable: 2 mt.<br \/>\n&#8211; Control de Volumen en el cable .<br \/>\n&#8211; 1 Conector \u00fanico de 3.5mm de audio y voz.<\/p>\n<p><img loading=\"lazy\" decoding=\"async\" class=\"alignleft size-thumbnail wp-image-5680\" src=\"https:\/\/clinicadelpcrga.cl\/tienda\/wp-content\/uploads\/2025\/12\/1079-150x150.webp\" alt=\"audifonos reptile x gamer pro ps4 pc azul\" width=\"150\" height=\"150\" title=\"Audifonos Reptile X Gamer Pro Ps4 Pc Azul\" srcset=\"https:\/\/clinicadelpcrga.cl\/tienda\/wp-content\/uploads\/2025\/12\/1079-150x150.webp 150w, https:\/\/clinicadelpcrga.cl\/tienda\/wp-content\/uploads\/2025\/12\/1079-500x500.webp 500w, https:\/\/clinicadelpcrga.cl\/tienda\/wp-content\/uploads\/2025\/12\/1079-100x100.webp 100w, https:\/\/clinicadelpcrga.cl\/tienda\/wp-content\/uploads\/2025\/12\/1079-600x600.webp 600w, https:\/\/clinicadelpcrga.cl\/tienda\/wp-content\/uploads\/2025\/12\/1079-300x300.webp 300w, https:\/\/clinicadelpcrga.cl\/tienda\/wp-content\/uploads\/2025\/12\/1079-1024x1024.webp 1024w, https:\/\/clinicadelpcrga.cl\/tienda\/wp-content\/uploads\/2025\/12\/1079-768x768.webp 768w, https:\/\/clinicadelpcrga.cl\/tienda\/wp-content\/uploads\/2025\/12\/1079.webp 1079w\" sizes=\"auto, (max-width: 150px) 100vw, 150px\" \/> <img loading=\"lazy\" decoding=\"async\" class=\"alignleft size-thumbnail wp-image-5681\" src=\"https:\/\/clinicadelpcrga.cl\/tienda\/wp-content\/uploads\/2025\/12\/1079-1-150x150.webp\" alt=\"audifonos reptile x gamer pro ps4 pc azul\" width=\"150\" height=\"150\" title=\"Audifonos Reptile X Gamer Pro Ps4 Pc Azul\" srcset=\"https:\/\/clinicadelpcrga.cl\/tienda\/wp-content\/uploads\/2025\/12\/1079-1-150x150.webp 150w, https:\/\/clinicadelpcrga.cl\/tienda\/wp-content\/uploads\/2025\/12\/1079-1-500x500.webp 500w, https:\/\/clinicadelpcrga.cl\/tienda\/wp-content\/uploads\/2025\/12\/1079-1-100x100.webp 100w, https:\/\/clinicadelpcrga.cl\/tienda\/wp-content\/uploads\/2025\/12\/1079-1-600x600.webp 600w, https:\/\/clinicadelpcrga.cl\/tienda\/wp-content\/uploads\/2025\/12\/1079-1-300x300.webp 300w, https:\/\/clinicadelpcrga.cl\/tienda\/wp-content\/uploads\/2025\/12\/1079-1-1024x1024.webp 1024w, https:\/\/clinicadelpcrga.cl\/tienda\/wp-content\/uploads\/2025\/12\/1079-1-768x768.webp 768w, https:\/\/clinicadelpcrga.cl\/tienda\/wp-content\/uploads\/2025\/12\/1079-1.webp 1079w\" sizes=\"auto, (max-width: 150px) 100vw, 150px\" \/><\/p>\n","protected":false},"excerpt":{"rendered":"<p>Los Aud\u00edfonos Gamer Reptilex Rx0014bl Azul para PC con Iluminaci\u00f3n Led son la elecci\u00f3n perfecta para los jugadores exigentes. Equipados con un micr\u00f3fono integrado, estos aud\u00edfonos ofrecen una comunicaci\u00f3n clara y precisa durante tus partidas.<\/p>\n","protected":false},"featured_media":5679,"template":"","meta":{"_uag_custom_page_level_css":""},"product_brand":[],"product_cat":[77],"product_tag":[],"class_list":{"0":"post-5678","1":"product","2":"type-product","3":"status-publish","4":"has-post-thumbnail","6":"product_cat-audio","8":"first","9":"instock","10":"shipping-taxable","11":"purchasable","12":"product-type-simple"},"uagb_featured_image_src":{"full":["https:\/\/clinicadelpcrga.cl\/tienda\/wp-content\/uploads\/2025\/12\/audifonosReptile-Xazul1.webp",540,540,false],"thumbnail":["https:\/\/clinicadelpcrga.cl\/tienda\/wp-content\/uploads\/2025\/12\/audifonosReptile-Xazul1-150x150.webp",150,150,true],"medium":["https:\/\/clinicadelpcrga.cl\/tienda\/wp-content\/uploads\/2025\/12\/audifonosReptile-Xazul1-300x300.webp",300,300,true],"medium_large":["https:\/\/clinicadelpcrga.cl\/tienda\/wp-content\/uploads\/2025\/12\/audifonosReptile-Xazul1.webp",540,540,false],"large":["https:\/\/clinicadelpcrga.cl\/tienda\/wp-content\/uploads\/2025\/12\/audifonosReptile-Xazul1.webp",540,540,false],"1536x1536":["https:\/\/clinicadelpcrga.cl\/tienda\/wp-content\/uploads\/2025\/12\/audifonosReptile-Xazul1.webp",540,540,false],"2048x2048":["https:\/\/clinicadelpcrga.cl\/tienda\/wp-content\/uploads\/2025\/12\/audifonosReptile-Xazul1.webp",540,540,false],"woocommerce_archive_thumbnail":["https:\/\/clinicadelpcrga.cl\/tienda\/wp-content\/uploads\/2025\/12\/audifonosReptile-Xazul1-500x500.webp",500,500,true],"mailpoet_newsletter_max":["https:\/\/clinicadelpcrga.cl\/tienda\/wp-content\/uploads\/2025\/12\/audifonosReptile-Xazul1.webp",540,540,false],"woocommerce_thumbnail":["https:\/\/clinicadelpcrga.cl\/tienda\/wp-content\/uploads\/2025\/12\/audifonosReptile-Xazul1-500x500.webp",500,500,true],"woocommerce_single":["https:\/\/clinicadelpcrga.cl\/tienda\/wp-content\/uploads\/2025\/12\/audifonosReptile-Xazul1.webp",540,540,false],"woocommerce_gallery_thumbnail":["https:\/\/clinicadelpcrga.cl\/tienda\/wp-content\/uploads\/2025\/12\/audifonosReptile-Xazul1-100x100.webp",100,100,true]},"uagb_author_info":{"display_name":"pcrga2025t","author_link":"https:\/\/clinicadelpcrga.cl\/tienda\/author\/"},"uagb_comment_info":0,"uagb_excerpt":"Los Aud\u00edfonos Gamer Reptilex Rx0014bl Azul para PC con Iluminaci\u00f3n Led son la elecci\u00f3n perfecta para los jugadores exigentes. Equipados con un micr\u00f3fono integrado, estos aud\u00edfonos ofrecen una comunicaci\u00f3n clara y precisa durante tus partidas.","jetpack_sharing_enabled":true,"_links":{"self":[{"href":"https:\/\/clinicadelpcrga.cl\/tienda\/wp-json\/wp\/v2\/product\/5678","targetHints":{"allow":["GET"]}}],"collection":[{"href":"https:\/\/clinicadelpcrga.cl\/tienda\/wp-json\/wp\/v2\/product"}],"about":[{"href":"https:\/\/clinicadelpcrga.cl\/tienda\/wp-json\/wp\/v2\/types\/product"}],"wp:featuredmedia":[{"embeddable":true,"href":"https:\/\/clinicadelpcrga.cl\/tienda\/wp-json\/wp\/v2\/media\/5679"}],"wp:attachment":[{"href":"https:\/\/clinicadelpcrga.cl\/tienda\/wp-json\/wp\/v2\/media?parent=5678"}],"wp:term":[{"taxonomy":"product_brand","embeddable":true,"href":"https:\/\/clinicadelpcrga.cl\/tienda\/wp-json\/wp\/v2\/product_brand?post=5678"},{"taxonomy":"product_cat","embeddable":true,"href":"https:\/\/clinicadelpcrga.cl\/tienda\/wp-json\/wp\/v2\/product_cat?post=5678"},{"taxonomy":"product_tag","embeddable":true,"href":"https:\/\/clinicadelpcrga.cl\/tienda\/wp-json\/wp\/v2\/product_tag?post=5678"}],"curies":[{"name":"wp","href":"https:\/\/api.w.org\/{rel}","templated":true}]}}