{"id":5673,"date":"2025-12-29T04:44:10","date_gmt":"2025-12-29T03:44:10","guid":{"rendered":"https:\/\/clinicadelpcrga.cl\/tienda\/?post_type=product&#038;p=5673"},"modified":"2025-12-29T23:27:18","modified_gmt":"2025-12-29T22:27:18","slug":"webcam-wesdar-usb-full-hd-1080p","status":"publish","type":"product","link":"https:\/\/clinicadelpcrga.cl\/tienda\/producto\/webcam-wesdar-usb-full-hd-1080p\/","title":{"rendered":"Webcam Wesdar Usb Full Hd 1080p"},"content":{"rendered":"<p>La Webcam Wesdar Usb Full Hd 1080p Con Micr\u00f3fono Incorporado Para PC Notebook Teletrabajo Videollamadas Clases Online Streaming Alta Definici\u00f3n es la soluci\u00f3n ideal para quienes buscan una c\u00e1mara web de excelente calidad a un precio accesible. Dise\u00f1ada para ofrecer una experiencia de imagen n\u00edtida, fluida y profesional, esta webcam se convierte en una herramienta imprescindible tanto para el teletrabajo, como para videollamadas familiares, clases online, reuniones virtuales y transmisiones en vivo.<\/p>\n<p><img loading=\"lazy\" decoding=\"async\" class=\"size-thumbnail wp-image-5675 alignnone\" src=\"https:\/\/clinicadelpcrga.cl\/tienda\/wp-content\/uploads\/2025\/12\/D_NQ_NP_2X_896500-MLA100068611511_122025-F-150x150.webp\" alt=\"webcam wesdar usb full hd 1080p\" width=\"150\" height=\"150\" title=\"Webcam Wesdar Usb Full Hd 1080p\" srcset=\"https:\/\/clinicadelpcrga.cl\/tienda\/wp-content\/uploads\/2025\/12\/D_NQ_NP_2X_896500-MLA100068611511_122025-F-150x150.webp 150w, https:\/\/clinicadelpcrga.cl\/tienda\/wp-content\/uploads\/2025\/12\/D_NQ_NP_2X_896500-MLA100068611511_122025-F-500x500.webp 500w, https:\/\/clinicadelpcrga.cl\/tienda\/wp-content\/uploads\/2025\/12\/D_NQ_NP_2X_896500-MLA100068611511_122025-F-100x100.webp 100w\" sizes=\"auto, (max-width: 150px) 100vw, 150px\" \/> <img loading=\"lazy\" decoding=\"async\" class=\"size-thumbnail wp-image-5676 alignleft\" src=\"https:\/\/clinicadelpcrga.cl\/tienda\/wp-content\/uploads\/2025\/12\/Hd01cbf07b5e34c6aa4bb4c8dc26aafdbi-150x150.webp\" alt=\"webcam wesdar usb full hd 1080p\" width=\"150\" height=\"150\" title=\"Webcam Wesdar Usb Full Hd 1080p\" srcset=\"https:\/\/clinicadelpcrga.cl\/tienda\/wp-content\/uploads\/2025\/12\/Hd01cbf07b5e34c6aa4bb4c8dc26aafdbi-150x150.webp 150w, https:\/\/clinicadelpcrga.cl\/tienda\/wp-content\/uploads\/2025\/12\/Hd01cbf07b5e34c6aa4bb4c8dc26aafdbi-500x500.webp 500w, https:\/\/clinicadelpcrga.cl\/tienda\/wp-content\/uploads\/2025\/12\/Hd01cbf07b5e34c6aa4bb4c8dc26aafdbi-100x100.webp 100w, https:\/\/clinicadelpcrga.cl\/tienda\/wp-content\/uploads\/2025\/12\/Hd01cbf07b5e34c6aa4bb4c8dc26aafdbi-600x600.webp 600w, https:\/\/clinicadelpcrga.cl\/tienda\/wp-content\/uploads\/2025\/12\/Hd01cbf07b5e34c6aa4bb4c8dc26aafdbi-300x300.webp 300w, https:\/\/clinicadelpcrga.cl\/tienda\/wp-content\/uploads\/2025\/12\/Hd01cbf07b5e34c6aa4bb4c8dc26aafdbi-768x768.webp 768w, https:\/\/clinicadelpcrga.cl\/tienda\/wp-content\/uploads\/2025\/12\/Hd01cbf07b5e34c6aa4bb4c8dc26aafdbi.webp 800w\" sizes=\"auto, (max-width: 150px) 100vw, 150px\" \/><\/p>\n","protected":false},"excerpt":{"rendered":"<ul class=\"ui-vpp-highlighted-specs__features-list\">\n<li class=\"ui-vpp-highlighted-specs__features-list-item ui-pdp-color--BLACK ui-pdp-size--XSMALL ui-pdp-family--REGULAR\">Resoluci\u00f3n Full HD 1080p (1920 x 1080 p\u00edxeles) para im\u00e1genes n\u00edtidas y fluidas.<\/li>\n<li class=\"ui-vpp-highlighted-specs__features-list-item ui-pdp-color--BLACK ui-pdp-size--XSMALL ui-pdp-family--REGULAR\">Cuadros m\u00e1ximos por segundo: 15 FPS para videoconferencias.<\/li>\n<li class=\"ui-vpp-highlighted-specs__features-list-item ui-pdp-color--BLACK ui-pdp-size--XSMALL ui-pdp-family--REGULAR\">Micr\u00f3fono digital incorporado con reducci\u00f3n de ruido para comunicaci\u00f3n clara.<\/li>\n<li class=\"ui-vpp-highlighted-specs__features-list-item ui-pdp-color--BLACK ui-pdp-size--XSMALL ui-pdp-family--REGULAR\">Conexi\u00f3n USB Plug &amp; Play sin necesidad de instalaci\u00f3n.<\/li>\n<li class=\"ui-vpp-highlighted-specs__features-list-item ui-pdp-color--BLACK ui-pdp-size--XSMALL ui-pdp-family--REGULAR\">\u00c1ngulo de visi\u00f3n de 100\u00b0 para capturar m\u00e1s en el encuadre.<\/li>\n<li class=\"ui-vpp-highlighted-specs__features-list-item ui-pdp-color--BLACK ui-pdp-size--XSMALL ui-pdp-family--REGULAR\">Largo del cable: 1.4 m para flexibilidad en la ubicaci\u00f3n.<\/li>\n<\/ul>\n","protected":false},"featured_media":5674,"template":"","meta":{"_uag_custom_page_level_css":""},"product_brand":[],"product_cat":[59],"product_tag":[],"class_list":{"0":"post-5673","1":"product","2":"type-product","3":"status-publish","4":"has-post-thumbnail","6":"product_cat-accesorios-y-perifericos","8":"first","9":"instock","10":"shipping-taxable","11":"purchasable","12":"product-type-simple"},"uagb_featured_image_src":{"full":["https:\/\/clinicadelpcrga.cl\/tienda\/wp-content\/uploads\/2025\/12\/2fc22515c22d7d96bc7d412f2abf4630-zoom.jpg",850,850,false],"thumbnail":["https:\/\/clinicadelpcrga.cl\/tienda\/wp-content\/uploads\/2025\/12\/2fc22515c22d7d96bc7d412f2abf4630-zoom-150x150.jpg",150,150,true],"medium":["https:\/\/clinicadelpcrga.cl\/tienda\/wp-content\/uploads\/2025\/12\/2fc22515c22d7d96bc7d412f2abf4630-zoom-300x300.jpg",300,300,true],"medium_large":["https:\/\/clinicadelpcrga.cl\/tienda\/wp-content\/uploads\/2025\/12\/2fc22515c22d7d96bc7d412f2abf4630-zoom-768x768.jpg",768,768,true],"large":["https:\/\/clinicadelpcrga.cl\/tienda\/wp-content\/uploads\/2025\/12\/2fc22515c22d7d96bc7d412f2abf4630-zoom.jpg",850,850,false],"1536x1536":["https:\/\/clinicadelpcrga.cl\/tienda\/wp-content\/uploads\/2025\/12\/2fc22515c22d7d96bc7d412f2abf4630-zoom.jpg",850,850,false],"2048x2048":["https:\/\/clinicadelpcrga.cl\/tienda\/wp-content\/uploads\/2025\/12\/2fc22515c22d7d96bc7d412f2abf4630-zoom.jpg",850,850,false],"woocommerce_archive_thumbnail":["https:\/\/clinicadelpcrga.cl\/tienda\/wp-content\/uploads\/2025\/12\/2fc22515c22d7d96bc7d412f2abf4630-zoom-500x500.jpg",500,500,true],"mailpoet_newsletter_max":["https:\/\/clinicadelpcrga.cl\/tienda\/wp-content\/uploads\/2025\/12\/2fc22515c22d7d96bc7d412f2abf4630-zoom.jpg",850,850,false],"woocommerce_thumbnail":["https:\/\/clinicadelpcrga.cl\/tienda\/wp-content\/uploads\/2025\/12\/2fc22515c22d7d96bc7d412f2abf4630-zoom-500x500.jpg",500,500,true],"woocommerce_single":["https:\/\/clinicadelpcrga.cl\/tienda\/wp-content\/uploads\/2025\/12\/2fc22515c22d7d96bc7d412f2abf4630-zoom-600x600.jpg",600,600,true],"woocommerce_gallery_thumbnail":["https:\/\/clinicadelpcrga.cl\/tienda\/wp-content\/uploads\/2025\/12\/2fc22515c22d7d96bc7d412f2abf4630-zoom-100x100.jpg",100,100,true]},"uagb_author_info":{"display_name":"pcrga2025t","author_link":"https:\/\/clinicadelpcrga.cl\/tienda\/author\/"},"uagb_comment_info":0,"uagb_excerpt":"Resoluci\u00f3n Full HD 1080p (1920 x 1080 p\u00edxeles) para im\u00e1genes n\u00edtidas y fluidas. Cuadros m\u00e1ximos por segundo: 15 FPS para videoconferencias. Micr\u00f3fono digital incorporado con reducci\u00f3n de ruido para comunicaci\u00f3n clara. Conexi\u00f3n USB Plug &amp; Play sin necesidad de instalaci\u00f3n. \u00c1ngulo de visi\u00f3n de 100\u00b0 para capturar m\u00e1s en el encuadre. Largo del cable: 1.4&hellip;","jetpack_sharing_enabled":true,"_links":{"self":[{"href":"https:\/\/clinicadelpcrga.cl\/tienda\/wp-json\/wp\/v2\/product\/5673","targetHints":{"allow":["GET"]}}],"collection":[{"href":"https:\/\/clinicadelpcrga.cl\/tienda\/wp-json\/wp\/v2\/product"}],"about":[{"href":"https:\/\/clinicadelpcrga.cl\/tienda\/wp-json\/wp\/v2\/types\/product"}],"wp:featuredmedia":[{"embeddable":true,"href":"https:\/\/clinicadelpcrga.cl\/tienda\/wp-json\/wp\/v2\/media\/5674"}],"wp:attachment":[{"href":"https:\/\/clinicadelpcrga.cl\/tienda\/wp-json\/wp\/v2\/media?parent=5673"}],"wp:term":[{"taxonomy":"product_brand","embeddable":true,"href":"https:\/\/clinicadelpcrga.cl\/tienda\/wp-json\/wp\/v2\/product_brand?post=5673"},{"taxonomy":"product_cat","embeddable":true,"href":"https:\/\/clinicadelpcrga.cl\/tienda\/wp-json\/wp\/v2\/product_cat?post=5673"},{"taxonomy":"product_tag","embeddable":true,"href":"https:\/\/clinicadelpcrga.cl\/tienda\/wp-json\/wp\/v2\/product_tag?post=5673"}],"curies":[{"name":"wp","href":"https:\/\/api.w.org\/{rel}","templated":true}]}}