{"id":5665,"date":"2025-12-29T04:23:43","date_gmt":"2025-12-29T03:23:43","guid":{"rendered":"https:\/\/clinicadelpcrga.cl\/tienda\/?post_type=product&#038;p=5665"},"modified":"2025-12-29T04:31:30","modified_gmt":"2025-12-29T03:31:30","slug":"adaptador-usb-bluetooth-micro-4-0","status":"publish","type":"product","link":"https:\/\/clinicadelpcrga.cl\/tienda\/producto\/adaptador-usb-bluetooth-micro-4-0\/","title":{"rendered":"Adaptador USB-Bluetooth Micro 4.0"},"content":{"rendered":"<h5>CONECTIVIDAD INAL\u00c1MBRICA COMPACTA<\/h5>\n<p>El Adaptador USB-Bluetooth Micro 4.0 es hasta seis veces m\u00e1s peque\u00f1o que los adaptadores Bluetooth t\u00edpicos. Su tama\u00f1o permite dejarlo conectado al puerto USB del notebook sin que suponga un problema para transportarlo donde quiera.<\/p>\n<h5>CONEXI\u00d3N UNIVERSAL Y SIN CABLES<\/h5>\n<p>Basta con conectar este adaptador USB 4.0 Bluetooth a un puerto USB de su equipo para conectarse sin cables con una gran variedad de dispositivos compatibles con Bluetooth, como teclados, mouse, impresoras, tel\u00e9fonos m\u00f3viles, auriculares y dispositivos para presentaciones. Es compatible con versiones antiguas (v1.1 a v2.1) y la tecnolog\u00eda v4.0 m\u00e1s avanzada.<\/p>\n<p><img loading=\"lazy\" decoding=\"async\" class=\"alignleft size-thumbnail wp-image-5666\" src=\"https:\/\/clinicadelpcrga.cl\/tienda\/wp-content\/uploads\/2025\/12\/Adaptador-Bluetooth-4.0-USB-Kensington-150x150.webp\" alt=\"auto draft\" width=\"150\" height=\"150\" title=\"Adaptador USB-Bluetooth Micro 4.0\" srcset=\"https:\/\/clinicadelpcrga.cl\/tienda\/wp-content\/uploads\/2025\/12\/Adaptador-Bluetooth-4.0-USB-Kensington-150x150.webp 150w, https:\/\/clinicadelpcrga.cl\/tienda\/wp-content\/uploads\/2025\/12\/Adaptador-Bluetooth-4.0-USB-Kensington-500x500.webp 500w, https:\/\/clinicadelpcrga.cl\/tienda\/wp-content\/uploads\/2025\/12\/Adaptador-Bluetooth-4.0-USB-Kensington-100x100.webp 100w, https:\/\/clinicadelpcrga.cl\/tienda\/wp-content\/uploads\/2025\/12\/Adaptador-Bluetooth-4.0-USB-Kensington-300x300.webp 300w, https:\/\/clinicadelpcrga.cl\/tienda\/wp-content\/uploads\/2025\/12\/Adaptador-Bluetooth-4.0-USB-Kensington.webp 540w\" sizes=\"auto, (max-width: 150px) 100vw, 150px\" \/><\/p>\n","protected":false},"excerpt":{"rendered":"<table class=\"table table-hover\">\n<tbody>\n<tr>\n<td>Tipo de Producto<\/td>\n<td>Adaptador USB para Bluetooth<\/td>\n<\/tr>\n<tr>\n<td>Marca<\/td>\n<td>Kensington<\/td>\n<\/tr>\n<tr>\n<td>Versi\u00f3n Bluetooth<\/td>\n<td>4.0 (Compatible con v1.1, v1.2, v2.0, v2.1)<\/td>\n<\/tr>\n<tr>\n<td>Conexi\u00f3n<\/td>\n<td>Puerto USB 2.0 o 1.2 disponible<\/td>\n<\/tr>\n<tr>\n<td>Compatibilidad OS<\/td>\n<td>Computadores con Windows 8, Windows 7, Windows Vista<\/td>\n<\/tr>\n<tr>\n<td>Caracter\u00edsticas<\/td>\n<td>Dise\u00f1o ultracompacto (hasta seis veces m\u00e1s peque\u00f1o que los adaptadores t\u00edpicos)<\/td>\n<\/tr>\n<tr>\n<td>Color<\/td>\n<td>Negro<\/td>\n<\/tr>\n<\/tbody>\n<\/table>\n","protected":false},"featured_media":5669,"template":"","meta":{"_uag_custom_page_level_css":""},"product_brand":[72],"product_cat":[59],"product_tag":[],"class_list":{"0":"post-5665","1":"product","2":"type-product","3":"status-publish","4":"has-post-thumbnail","6":"product_brand-kensington","7":"product_cat-accesorios-y-perifericos","9":"first","10":"instock","11":"shipping-taxable","12":"purchasable","13":"product-type-simple"},"uagb_featured_image_src":{"full":["https:\/\/clinicadelpcrga.cl\/tienda\/wp-content\/uploads\/2025\/12\/qp6m_kdg_3e4a1993_thumbnail_512-1.jpg",321,234,false],"thumbnail":["https:\/\/clinicadelpcrga.cl\/tienda\/wp-content\/uploads\/2025\/12\/qp6m_kdg_3e4a1993_thumbnail_512-1-150x150.jpg",150,150,true],"medium":["https:\/\/clinicadelpcrga.cl\/tienda\/wp-content\/uploads\/2025\/12\/qp6m_kdg_3e4a1993_thumbnail_512-1-300x219.jpg",300,219,true],"medium_large":["https:\/\/clinicadelpcrga.cl\/tienda\/wp-content\/uploads\/2025\/12\/qp6m_kdg_3e4a1993_thumbnail_512-1.jpg",321,234,false],"large":["https:\/\/clinicadelpcrga.cl\/tienda\/wp-content\/uploads\/2025\/12\/qp6m_kdg_3e4a1993_thumbnail_512-1.jpg",321,234,false],"1536x1536":["https:\/\/clinicadelpcrga.cl\/tienda\/wp-content\/uploads\/2025\/12\/qp6m_kdg_3e4a1993_thumbnail_512-1.jpg",321,234,false],"2048x2048":["https:\/\/clinicadelpcrga.cl\/tienda\/wp-content\/uploads\/2025\/12\/qp6m_kdg_3e4a1993_thumbnail_512-1.jpg",321,234,false],"woocommerce_archive_thumbnail":["https:\/\/clinicadelpcrga.cl\/tienda\/wp-content\/uploads\/2025\/12\/qp6m_kdg_3e4a1993_thumbnail_512-1.jpg",321,234,false],"mailpoet_newsletter_max":["https:\/\/clinicadelpcrga.cl\/tienda\/wp-content\/uploads\/2025\/12\/qp6m_kdg_3e4a1993_thumbnail_512-1.jpg",321,234,false],"woocommerce_thumbnail":["https:\/\/clinicadelpcrga.cl\/tienda\/wp-content\/uploads\/2025\/12\/qp6m_kdg_3e4a1993_thumbnail_512-1.jpg",321,234,false],"woocommerce_single":["https:\/\/clinicadelpcrga.cl\/tienda\/wp-content\/uploads\/2025\/12\/qp6m_kdg_3e4a1993_thumbnail_512-1.jpg",321,234,false],"woocommerce_gallery_thumbnail":["https:\/\/clinicadelpcrga.cl\/tienda\/wp-content\/uploads\/2025\/12\/qp6m_kdg_3e4a1993_thumbnail_512-1-100x100.jpg",100,100,true]},"uagb_author_info":{"display_name":"pcrga2025t","author_link":"https:\/\/clinicadelpcrga.cl\/tienda\/author\/"},"uagb_comment_info":0,"uagb_excerpt":"Tipo de Producto Adaptador USB para Bluetooth Marca Kensington Versi\u00f3n Bluetooth 4.0 (Compatible con v1.1, v1.2, v2.0, v2.1) Conexi\u00f3n Puerto USB 2.0 o 1.2 disponible Compatibilidad OS Computadores con Windows 8, Windows 7, Windows Vista Caracter\u00edsticas Dise\u00f1o ultracompacto (hasta seis veces m\u00e1s peque\u00f1o que los adaptadores t\u00edpicos) Color Negro","jetpack_sharing_enabled":true,"_links":{"self":[{"href":"https:\/\/clinicadelpcrga.cl\/tienda\/wp-json\/wp\/v2\/product\/5665","targetHints":{"allow":["GET"]}}],"collection":[{"href":"https:\/\/clinicadelpcrga.cl\/tienda\/wp-json\/wp\/v2\/product"}],"about":[{"href":"https:\/\/clinicadelpcrga.cl\/tienda\/wp-json\/wp\/v2\/types\/product"}],"wp:featuredmedia":[{"embeddable":true,"href":"https:\/\/clinicadelpcrga.cl\/tienda\/wp-json\/wp\/v2\/media\/5669"}],"wp:attachment":[{"href":"https:\/\/clinicadelpcrga.cl\/tienda\/wp-json\/wp\/v2\/media?parent=5665"}],"wp:term":[{"taxonomy":"product_brand","embeddable":true,"href":"https:\/\/clinicadelpcrga.cl\/tienda\/wp-json\/wp\/v2\/product_brand?post=5665"},{"taxonomy":"product_cat","embeddable":true,"href":"https:\/\/clinicadelpcrga.cl\/tienda\/wp-json\/wp\/v2\/product_cat?post=5665"},{"taxonomy":"product_tag","embeddable":true,"href":"https:\/\/clinicadelpcrga.cl\/tienda\/wp-json\/wp\/v2\/product_tag?post=5665"}],"curies":[{"name":"wp","href":"https:\/\/api.w.org\/{rel}","templated":true}]}}