{"id":5655,"date":"2025-12-27T04:20:43","date_gmt":"2025-12-27T03:20:43","guid":{"rendered":"https:\/\/clinicadelpcrga.cl\/tienda\/?post_type=product&#038;p=5655"},"modified":"2025-12-31T16:38:22","modified_gmt":"2025-12-31T15:38:22","slug":"mouse-bluetooth-m240-logitech-silent-blanco","status":"publish","type":"product","link":"https:\/\/clinicadelpcrga.cl\/tienda\/producto\/mouse-bluetooth-m240-logitech-silent-blanco\/","title":{"rendered":"Mouse Bluetooth M240 Logitech Silent Blanco"},"content":{"rendered":"<p>Presentamos M240 Silent, el confiable mouse Bluetooth\u00ae que libera su espacio de trabajo, se conecta en segundos y ofrece una productividad Ultra silenciosa y duradera. Una forma esculpida y contorneada y 18 meses de duraci\u00f3n de la bater\u00eda te permiten concentrarte en lo que haces mejor.<\/p>\n<p>La tecnolog\u00eda Silent Touch reduce los clics en un 90%, pero mantiene la familiar sensaci\u00f3n de clic que conoces y amas. Por tanto, siente cada clic, pero no oye pr\u00e1cticamente nada. Menos ruido, gran rendimiento, y sus vecinos de la cafeter\u00eda se lo agradecer\u00e1n.<\/p>\n<p>18 meses de duraci\u00f3n de la bater\u00eda con suspensi\u00f3n autom\u00e1tica, por lo que puede pasar m\u00e1s tiempo entre cambios de bater\u00eda.<a href=\"https:\/\/portalmayorista.cl\/mouse-bluetooth-m240-logitech-silent-blanco-por-mayor\">\u00a0<\/a>Puede que se olvide de las pilas: hay una sola pila AA preinstalada.<\/p>\n<p>El mouse est\u00e1 construido con los mismos est\u00e1ndares de alta calidad que han convertido a Logitech en el l\u00edder mundial en mouses y teclados.<\/p>\n<p>Mantente productivo durante m\u00e1s tiempo con la comodidad y forma contorneada que se adapta a la curva natural de la mano. Compacto e inal\u00e1mbrico, el mouse se ajusta f\u00e1cilmente a tu laptop en la mochila para que lo puedas llevar a donde sea que trabajes. M240 Silent est\u00e1 dise\u00f1ado para ser igualmente c\u00f3modo para usuarios diestros y zurdos.<\/p>\n","protected":false},"excerpt":{"rendered":"<p>Presentamos M240 Silent, el confiable mouse Bluetooth\u00ae que libera su espacio de trabajo, se conecta en segundos y ofrece una productividad Ultra silenciosa y duradera. Una forma esculpida y contorneada y 18 meses de duraci\u00f3n de la bater\u00eda te permiten concentrarte en lo que haces mejor.<\/p>\n","protected":false},"featured_media":5664,"template":"","meta":{"_uag_custom_page_level_css":""},"product_brand":[],"product_cat":[81],"product_tag":[],"class_list":{"0":"post-5655","1":"product","2":"type-product","3":"status-publish","4":"has-post-thumbnail","6":"product_cat-mouse-y-teclados","8":"first","9":"instock","10":"shipping-taxable","11":"purchasable","12":"product-type-simple"},"uagb_featured_image_src":{"full":["https:\/\/clinicadelpcrga.cl\/tienda\/wp-content\/uploads\/2025\/12\/Mouse-Logitech-M240-negro.jpg",224,224,false],"thumbnail":["https:\/\/clinicadelpcrga.cl\/tienda\/wp-content\/uploads\/2025\/12\/Mouse-Logitech-M240-negro-150x150.jpg",150,150,true],"medium":["https:\/\/clinicadelpcrga.cl\/tienda\/wp-content\/uploads\/2025\/12\/Mouse-Logitech-M240-negro.jpg",224,224,false],"medium_large":["https:\/\/clinicadelpcrga.cl\/tienda\/wp-content\/uploads\/2025\/12\/Mouse-Logitech-M240-negro.jpg",224,224,false],"large":["https:\/\/clinicadelpcrga.cl\/tienda\/wp-content\/uploads\/2025\/12\/Mouse-Logitech-M240-negro.jpg",224,224,false],"1536x1536":["https:\/\/clinicadelpcrga.cl\/tienda\/wp-content\/uploads\/2025\/12\/Mouse-Logitech-M240-negro.jpg",224,224,false],"2048x2048":["https:\/\/clinicadelpcrga.cl\/tienda\/wp-content\/uploads\/2025\/12\/Mouse-Logitech-M240-negro.jpg",224,224,false],"woocommerce_archive_thumbnail":["https:\/\/clinicadelpcrga.cl\/tienda\/wp-content\/uploads\/2025\/12\/Mouse-Logitech-M240-negro.jpg",224,224,false],"mailpoet_newsletter_max":["https:\/\/clinicadelpcrga.cl\/tienda\/wp-content\/uploads\/2025\/12\/Mouse-Logitech-M240-negro.jpg",224,224,false],"woocommerce_thumbnail":["https:\/\/clinicadelpcrga.cl\/tienda\/wp-content\/uploads\/2025\/12\/Mouse-Logitech-M240-negro.jpg",224,224,false],"woocommerce_single":["https:\/\/clinicadelpcrga.cl\/tienda\/wp-content\/uploads\/2025\/12\/Mouse-Logitech-M240-negro.jpg",224,224,false],"woocommerce_gallery_thumbnail":["https:\/\/clinicadelpcrga.cl\/tienda\/wp-content\/uploads\/2025\/12\/Mouse-Logitech-M240-negro-100x100.jpg",100,100,true]},"uagb_author_info":{"display_name":"pcrga2025t","author_link":"https:\/\/clinicadelpcrga.cl\/tienda\/author\/"},"uagb_comment_info":0,"uagb_excerpt":"Presentamos M240 Silent, el confiable mouse Bluetooth\u00ae que libera su espacio de trabajo, se conecta en segundos y ofrece una productividad Ultra silenciosa y duradera. Una forma esculpida y contorneada y 18 meses de duraci\u00f3n de la bater\u00eda te permiten concentrarte en lo que haces mejor.","jetpack_sharing_enabled":true,"_links":{"self":[{"href":"https:\/\/clinicadelpcrga.cl\/tienda\/wp-json\/wp\/v2\/product\/5655","targetHints":{"allow":["GET"]}}],"collection":[{"href":"https:\/\/clinicadelpcrga.cl\/tienda\/wp-json\/wp\/v2\/product"}],"about":[{"href":"https:\/\/clinicadelpcrga.cl\/tienda\/wp-json\/wp\/v2\/types\/product"}],"wp:featuredmedia":[{"embeddable":true,"href":"https:\/\/clinicadelpcrga.cl\/tienda\/wp-json\/wp\/v2\/media\/5664"}],"wp:attachment":[{"href":"https:\/\/clinicadelpcrga.cl\/tienda\/wp-json\/wp\/v2\/media?parent=5655"}],"wp:term":[{"taxonomy":"product_brand","embeddable":true,"href":"https:\/\/clinicadelpcrga.cl\/tienda\/wp-json\/wp\/v2\/product_brand?post=5655"},{"taxonomy":"product_cat","embeddable":true,"href":"https:\/\/clinicadelpcrga.cl\/tienda\/wp-json\/wp\/v2\/product_cat?post=5655"},{"taxonomy":"product_tag","embeddable":true,"href":"https:\/\/clinicadelpcrga.cl\/tienda\/wp-json\/wp\/v2\/product_tag?post=5655"}],"curies":[{"name":"wp","href":"https:\/\/api.w.org\/{rel}","templated":true}]}}