{"id":5601,"date":"2025-12-26T20:43:02","date_gmt":"2025-12-26T19:43:02","guid":{"rendered":"https:\/\/clinicadelpcrga.cl\/tienda\/?post_type=product&#038;p=5601"},"modified":"2025-12-30T11:27:01","modified_gmt":"2025-12-30T10:27:01","slug":"kit-teclado-mouse-inalambrico-logitech-media-mk220","status":"publish","type":"product","link":"https:\/\/clinicadelpcrga.cl\/tienda\/producto\/kit-teclado-mouse-inalambrico-logitech-media-mk220\/","title":{"rendered":"Kit Teclado Mouse Inal\u00e1mbrico Logitech Media MK220"},"content":{"rendered":"<p>* Dise\u00f1o compacto con todas las teclas est\u00e1ndar y un teclado num\u00e9rico<\/p>\n<p>* Conexi\u00f3n inal\u00e1mbrica fiable de 2,4 GHz con un alcance hasta 10 metros *<\/p>\n<p>Hasta 24 meses de duraci\u00f3n de las pilas del teclado y 5 meses de las del rat\u00f3n<\/p>\n","protected":false},"excerpt":{"rendered":"<p>* Dise\u00f1o compacto con todas las teclas est\u00e1ndar y un teclado num\u00e9rico<\/p>\n<p>* Conexi\u00f3n inal\u00e1mbrica fiable de 2,4 GHz con un alcance hasta 10 metros *<\/p>\n<p>Hasta 24 meses de duraci\u00f3n de las pilas del teclado y 5 meses de las del rat\u00f3n<\/p>\n","protected":false},"featured_media":5602,"template":"","meta":{"_uag_custom_page_level_css":""},"product_brand":[66],"product_cat":[81,55],"product_tag":[],"class_list":{"0":"post-5601","1":"product","2":"type-product","3":"status-publish","4":"has-post-thumbnail","6":"product_brand-logitech","7":"product_cat-mouse-y-teclados","8":"product_cat-partes-y-piezas-componentes","10":"first","11":"instock","12":"shipping-taxable","13":"product-type-simple"},"uagb_featured_image_src":{"full":["https:\/\/clinicadelpcrga.cl\/tienda\/wp-content\/uploads\/2025\/12\/540-e1766580871711.webp",508,392,false],"thumbnail":["https:\/\/clinicadelpcrga.cl\/tienda\/wp-content\/uploads\/2025\/12\/540-e1766580871711-150x150.webp",150,150,true],"medium":["https:\/\/clinicadelpcrga.cl\/tienda\/wp-content\/uploads\/2025\/12\/540-e1766580871711-300x231.webp",300,231,true],"medium_large":["https:\/\/clinicadelpcrga.cl\/tienda\/wp-content\/uploads\/2025\/12\/540-e1766580871711.webp",508,392,false],"large":["https:\/\/clinicadelpcrga.cl\/tienda\/wp-content\/uploads\/2025\/12\/540-e1766580871711.webp",508,392,false],"1536x1536":["https:\/\/clinicadelpcrga.cl\/tienda\/wp-content\/uploads\/2025\/12\/540-e1766580871711.webp",508,392,false],"2048x2048":["https:\/\/clinicadelpcrga.cl\/tienda\/wp-content\/uploads\/2025\/12\/540-e1766580871711.webp",508,392,false],"woocommerce_archive_thumbnail":["https:\/\/clinicadelpcrga.cl\/tienda\/wp-content\/uploads\/2025\/12\/540-e1766580871711-500x386.webp",500,386,true],"mailpoet_newsletter_max":["https:\/\/clinicadelpcrga.cl\/tienda\/wp-content\/uploads\/2025\/12\/540-e1766580871711.webp",508,392,false],"woocommerce_thumbnail":["https:\/\/clinicadelpcrga.cl\/tienda\/wp-content\/uploads\/2025\/12\/540-e1766580871711-500x392.webp",500,392,true],"woocommerce_single":["https:\/\/clinicadelpcrga.cl\/tienda\/wp-content\/uploads\/2025\/12\/540-e1766580871711.webp",508,392,false],"woocommerce_gallery_thumbnail":["https:\/\/clinicadelpcrga.cl\/tienda\/wp-content\/uploads\/2025\/12\/540-e1766580871711-100x100.webp",100,100,true]},"uagb_author_info":{"display_name":"pcrga2025t","author_link":"https:\/\/clinicadelpcrga.cl\/tienda\/author\/"},"uagb_comment_info":0,"uagb_excerpt":"* Dise\u00f1o compacto con todas las teclas est\u00e1ndar y un teclado num\u00e9rico * Conexi\u00f3n inal\u00e1mbrica fiable de 2,4 GHz con un alcance hasta 10 metros * Hasta 24 meses de duraci\u00f3n de las pilas del teclado y 5 meses de las del rat\u00f3n","jetpack_sharing_enabled":true,"_links":{"self":[{"href":"https:\/\/clinicadelpcrga.cl\/tienda\/wp-json\/wp\/v2\/product\/5601","targetHints":{"allow":["GET"]}}],"collection":[{"href":"https:\/\/clinicadelpcrga.cl\/tienda\/wp-json\/wp\/v2\/product"}],"about":[{"href":"https:\/\/clinicadelpcrga.cl\/tienda\/wp-json\/wp\/v2\/types\/product"}],"wp:featuredmedia":[{"embeddable":true,"href":"https:\/\/clinicadelpcrga.cl\/tienda\/wp-json\/wp\/v2\/media\/5602"}],"wp:attachment":[{"href":"https:\/\/clinicadelpcrga.cl\/tienda\/wp-json\/wp\/v2\/media?parent=5601"}],"wp:term":[{"taxonomy":"product_brand","embeddable":true,"href":"https:\/\/clinicadelpcrga.cl\/tienda\/wp-json\/wp\/v2\/product_brand?post=5601"},{"taxonomy":"product_cat","embeddable":true,"href":"https:\/\/clinicadelpcrga.cl\/tienda\/wp-json\/wp\/v2\/product_cat?post=5601"},{"taxonomy":"product_tag","embeddable":true,"href":"https:\/\/clinicadelpcrga.cl\/tienda\/wp-json\/wp\/v2\/product_tag?post=5601"}],"curies":[{"name":"wp","href":"https:\/\/api.w.org\/{rel}","templated":true}]}}