{"id":60,"date":"2025-10-28T21:36:05","date_gmt":"2025-10-28T20:36:05","guid":{"rendered":"https:\/\/clinicadelpcrga.cl\/clinicapc\/?page_id=60"},"modified":"2025-11-04T20:21:50","modified_gmt":"2025-11-04T19:21:50","slug":"clientes","status":"publish","type":"page","link":"https:\/\/clinicadelpcrga.cl\/clinicapc\/clientes\/","title":{"rendered":"Clientes"},"content":{"rendered":"<p>En <strong data-start=\"623\" data-end=\"649\">Cl\u00ednica del PC<\/strong>, nos enorgullece colaborar con una amplia variedad de empresas que conf\u00edan en la calidad y compromiso de nuestros servicios.<\/p>\n<p>Cada cliente representa una relaci\u00f3n basada en la confianza, la innovaci\u00f3n y la b\u00fasqueda constante de excelencia.<\/p>\n<p>&nbsp;<\/p>\n<table style=\"width: 100%; border-collapse: collapse;\" border=\"0\" cellspacing=\"0\" cellpadding=\"0\">\n<tbody>\n<tr>\n<td style=\"width: 33.3333%;\"><img loading=\"lazy\" decoding=\"async\" class=\"alignnone wp-image-132 aligncenter\" src=\"https:\/\/clinicadelpcrga.cl\/clinicapc\/wp-content\/uploads\/2025\/11\/LOGO-VM-Fondo-cuadrado-300x300.jpg\" alt=\"\" width=\"176\" height=\"176\" srcset=\"https:\/\/clinicadelpcrga.cl\/clinicapc\/wp-content\/uploads\/2025\/11\/LOGO-VM-Fondo-cuadrado-300x300.jpg 300w, https:\/\/clinicadelpcrga.cl\/clinicapc\/wp-content\/uploads\/2025\/11\/LOGO-VM-Fondo-cuadrado-1024x1024.jpg 1024w, https:\/\/clinicadelpcrga.cl\/clinicapc\/wp-content\/uploads\/2025\/11\/LOGO-VM-Fondo-cuadrado-150x150.jpg 150w, https:\/\/clinicadelpcrga.cl\/clinicapc\/wp-content\/uploads\/2025\/11\/LOGO-VM-Fondo-cuadrado-768x768.jpg 768w, https:\/\/clinicadelpcrga.cl\/clinicapc\/wp-content\/uploads\/2025\/11\/LOGO-VM-Fondo-cuadrado.jpg 1080w\" sizes=\"auto, (max-width: 176px) 100vw, 176px\" \/><\/td>\n<td style=\"width: 33.3333%;\"><img loading=\"lazy\" decoding=\"async\" class=\"alignnone size-medium wp-image-131\" src=\"https:\/\/clinicadelpcrga.cl\/clinicapc\/wp-content\/uploads\/2025\/11\/Logo-Rucaray-Chile-300x198.png\" alt=\"\" width=\"300\" height=\"198\" srcset=\"https:\/\/clinicadelpcrga.cl\/clinicapc\/wp-content\/uploads\/2025\/11\/Logo-Rucaray-Chile-300x198.png 300w, https:\/\/clinicadelpcrga.cl\/clinicapc\/wp-content\/uploads\/2025\/11\/Logo-Rucaray-Chile-768x507.png 768w, https:\/\/clinicadelpcrga.cl\/clinicapc\/wp-content\/uploads\/2025\/11\/Logo-Rucaray-Chile.png 800w\" sizes=\"auto, (max-width: 300px) 100vw, 300px\" \/><\/td>\n<td style=\"width: 33.3333%;\"><img loading=\"lazy\" decoding=\"async\" class=\"wp-image-130 aligncenter\" src=\"https:\/\/clinicadelpcrga.cl\/clinicapc\/wp-content\/uploads\/2025\/11\/Logo-Coagra-400x270-1-300x203.png\" alt=\"\" width=\"241\" height=\"163\" srcset=\"https:\/\/clinicadelpcrga.cl\/clinicapc\/wp-content\/uploads\/2025\/11\/Logo-Coagra-400x270-1-300x203.png 300w, https:\/\/clinicadelpcrga.cl\/clinicapc\/wp-content\/uploads\/2025\/11\/Logo-Coagra-400x270-1.png 400w\" sizes=\"auto, (max-width: 241px) 100vw, 241px\" \/><\/td>\n<\/tr>\n<tr>\n<td style=\"width: 33.3333%; text-align: center;\"><img loading=\"lazy\" decoding=\"async\" class=\"alignnone size-full wp-image-129\" src=\"https:\/\/clinicadelpcrga.cl\/clinicapc\/wp-content\/uploads\/2025\/11\/images.jpeg\" alt=\"\" width=\"180\" height=\"180\" srcset=\"https:\/\/clinicadelpcrga.cl\/clinicapc\/wp-content\/uploads\/2025\/11\/images.jpeg 180w, https:\/\/clinicadelpcrga.cl\/clinicapc\/wp-content\/uploads\/2025\/11\/images-150x150.jpeg 150w\" sizes=\"auto, (max-width: 180px) 100vw, 180px\" \/><\/td>\n<td style=\"width: 33.3333%; text-align: center;\"><img loading=\"lazy\" decoding=\"async\" class=\"alignnone size-medium wp-image-128\" src=\"https:\/\/clinicadelpcrga.cl\/clinicapc\/wp-content\/uploads\/2025\/11\/descarga-300x95.png\" alt=\"\" width=\"300\" height=\"95\" srcset=\"https:\/\/clinicadelpcrga.cl\/clinicapc\/wp-content\/uploads\/2025\/11\/descarga-300x95.png 300w, https:\/\/clinicadelpcrga.cl\/clinicapc\/wp-content\/uploads\/2025\/11\/descarga.png 312w\" sizes=\"auto, (max-width: 300px) 100vw, 300px\" \/><\/td>\n<td style=\"width: 33.3333%; text-align: center;\"><img loading=\"lazy\" decoding=\"async\" class=\"alignnone wp-image-127\" src=\"https:\/\/clinicadelpcrga.cl\/clinicapc\/wp-content\/uploads\/2025\/11\/descarga.jpg\" alt=\"\" width=\"151\" height=\"151\" \/><\/td>\n<\/tr>\n<tr>\n<td style=\"width: 33.3333%; text-align: center;\"><img loading=\"lazy\" decoding=\"async\" class=\"alignnone size-full wp-image-126\" src=\"https:\/\/clinicadelpcrga.cl\/clinicapc\/wp-content\/uploads\/2025\/11\/descarga-2.png\" alt=\"\" width=\"225\" height=\"225\" srcset=\"https:\/\/clinicadelpcrga.cl\/clinicapc\/wp-content\/uploads\/2025\/11\/descarga-2.png 225w, https:\/\/clinicadelpcrga.cl\/clinicapc\/wp-content\/uploads\/2025\/11\/descarga-2-150x150.png 150w\" sizes=\"auto, (max-width: 225px) 100vw, 225px\" \/><\/td>\n<td style=\"width: 33.3333%; text-align: center;\"><img loading=\"lazy\" decoding=\"async\" class=\"alignnone size-medium wp-image-125\" src=\"https:\/\/clinicadelpcrga.cl\/clinicapc\/wp-content\/uploads\/2025\/11\/descarga-1-300x150.png\" alt=\"\" width=\"300\" height=\"150\" srcset=\"https:\/\/clinicadelpcrga.cl\/clinicapc\/wp-content\/uploads\/2025\/11\/descarga-1-300x150.png 300w, https:\/\/clinicadelpcrga.cl\/clinicapc\/wp-content\/uploads\/2025\/11\/descarga-1.png 318w\" sizes=\"auto, (max-width: 300px) 100vw, 300px\" \/><\/td>\n<td style=\"width: 33.3333%; text-align: center;\"><img loading=\"lazy\" decoding=\"async\" class=\"alignnone size-medium wp-image-124\" src=\"https:\/\/clinicadelpcrga.cl\/clinicapc\/wp-content\/uploads\/2025\/11\/Dell-300x180.png\" alt=\"\" width=\"300\" height=\"180\" srcset=\"https:\/\/clinicadelpcrga.cl\/clinicapc\/wp-content\/uploads\/2025\/11\/Dell-300x180.png 300w, https:\/\/clinicadelpcrga.cl\/clinicapc\/wp-content\/uploads\/2025\/11\/Dell-1024x614.png 1024w, https:\/\/clinicadelpcrga.cl\/clinicapc\/wp-content\/uploads\/2025\/11\/Dell-768x461.png 768w, https:\/\/clinicadelpcrga.cl\/clinicapc\/wp-content\/uploads\/2025\/11\/Dell.png 1200w\" sizes=\"auto, (max-width: 300px) 100vw, 300px\" \/><\/td>\n<\/tr>\n<tr>\n<td style=\"width: 33.3333%; text-align: center;\"><img loading=\"lazy\" decoding=\"async\" class=\"alignnone size-medium wp-image-123\" src=\"https:\/\/clinicadelpcrga.cl\/clinicapc\/wp-content\/uploads\/2025\/11\/Casino-sun-monticello-Chile-900x600-1-300x200.jpg\" alt=\"\" width=\"300\" height=\"200\" srcset=\"https:\/\/clinicadelpcrga.cl\/clinicapc\/wp-content\/uploads\/2025\/11\/Casino-sun-monticello-Chile-900x600-1-300x200.jpg 300w, https:\/\/clinicadelpcrga.cl\/clinicapc\/wp-content\/uploads\/2025\/11\/Casino-sun-monticello-Chile-900x600-1-768x512.jpg 768w, https:\/\/clinicadelpcrga.cl\/clinicapc\/wp-content\/uploads\/2025\/11\/Casino-sun-monticello-Chile-900x600-1.jpg 900w\" sizes=\"auto, (max-width: 300px) 100vw, 300px\" \/><\/td>\n<td style=\"width: 33.3333%; text-align: center;\"><\/td>\n<td style=\"width: 33.3333%; text-align: center;\"><\/td>\n<\/tr>\n<\/tbody>\n<\/table>\n","protected":false},"excerpt":{"rendered":"<p>En Cl\u00ednica del PC, nos enorgullece colaborar con una amplia variedad de empresas que conf\u00edan en la calidad y compromiso de nuestros servicios. Cada cliente representa una relaci\u00f3n basada en&hellip;<\/p>\n","protected":false},"author":1,"featured_media":0,"parent":0,"menu_order":0,"comment_status":"closed","ping_status":"closed","template":"","meta":{"_crdt_document":"","_joinchat":[],"footnotes":""},"class_list":["post-60","page","type-page","status-publish","hentry"],"_links":{"self":[{"href":"https:\/\/clinicadelpcrga.cl\/clinicapc\/wp-json\/wp\/v2\/pages\/60","targetHints":{"allow":["GET"]}}],"collection":[{"href":"https:\/\/clinicadelpcrga.cl\/clinicapc\/wp-json\/wp\/v2\/pages"}],"about":[{"href":"https:\/\/clinicadelpcrga.cl\/clinicapc\/wp-json\/wp\/v2\/types\/page"}],"author":[{"embeddable":true,"href":"https:\/\/clinicadelpcrga.cl\/clinicapc\/wp-json\/wp\/v2\/users\/1"}],"replies":[{"embeddable":true,"href":"https:\/\/clinicadelpcrga.cl\/clinicapc\/wp-json\/wp\/v2\/comments?post=60"}],"version-history":[{"count":6,"href":"https:\/\/clinicadelpcrga.cl\/clinicapc\/wp-json\/wp\/v2\/pages\/60\/revisions"}],"predecessor-version":[{"id":135,"href":"https:\/\/clinicadelpcrga.cl\/clinicapc\/wp-json\/wp\/v2\/pages\/60\/revisions\/135"}],"wp:attachment":[{"href":"https:\/\/clinicadelpcrga.cl\/clinicapc\/wp-json\/wp\/v2\/media?parent=60"}],"curies":[{"name":"wp","href":"https:\/\/api.w.org\/{rel}","templated":true}]}}