{"id":169,"date":"2025-12-04T22:31:43","date_gmt":"2025-12-04T21:31:43","guid":{"rendered":"https:\/\/clinicadelpcrga.cl\/clinicapc\/?page_id=169"},"modified":"2026-01-15T03:26:45","modified_gmt":"2026-01-15T02:26:45","slug":"tintas-impresoras","status":"publish","type":"page","link":"https:\/\/clinicadelpcrga.cl\/clinicapc\/tintas-impresoras\/","title":{"rendered":"Reparaci\u00f3n de Proyectores"},"content":{"rendered":"<h4><img loading=\"lazy\" decoding=\"async\" class=\"size-medium wp-image-203 alignleft\" src=\"https:\/\/clinicadelpcrga.cl\/clinicapc\/wp-content\/uploads\/2026\/01\/reparacion-mantenimiento-middle-300x151.png\" alt=\"\" width=\"300\" height=\"151\" srcset=\"https:\/\/clinicadelpcrga.cl\/clinicapc\/wp-content\/uploads\/2026\/01\/reparacion-mantenimiento-middle-300x151.png 300w, https:\/\/clinicadelpcrga.cl\/clinicapc\/wp-content\/uploads\/2026\/01\/reparacion-mantenimiento-middle.png 677w\" sizes=\"auto, (max-width: 300px) 100vw, 300px\" \/><\/h4>\n<p>&nbsp;<\/p>\n<p>&nbsp;<\/p>\n<p>Una secci\u00f3n en nuestro taller esta dedicada a la reparaci\u00f3n y mantenci\u00f3n de proyectores, puede traernos su proyector para recibir una cotizaci\u00f3n.<\/p>\n<p style=\"padding-left: 160px;\">El tiempo estimado para la cotizaci\u00f3n es de 2 a 3 d\u00edas, esta tiene un valor de $5.000<\/p>\n<p>&nbsp;<\/p>\n<p><img loading=\"lazy\" decoding=\"async\" class=\"size-medium wp-image-204 alignleft\" src=\"https:\/\/clinicadelpcrga.cl\/clinicapc\/wp-content\/uploads\/2026\/01\/reparacion-mantenimiento-300x238.png\" alt=\"\" width=\"300\" height=\"238\" srcset=\"https:\/\/clinicadelpcrga.cl\/clinicapc\/wp-content\/uploads\/2026\/01\/reparacion-mantenimiento-300x238.png 300w, https:\/\/clinicadelpcrga.cl\/clinicapc\/wp-content\/uploads\/2026\/01\/reparacion-mantenimiento.png 456w\" sizes=\"auto, (max-width: 300px) 100vw, 300px\" \/><\/p>\n","protected":false},"excerpt":{"rendered":"<p>&nbsp; &nbsp; Una secci\u00f3n en nuestro taller esta dedicada a la reparaci\u00f3n y mantenci\u00f3n de proyectores, puede traernos su proyector para recibir una cotizaci\u00f3n. El tiempo estimado para la cotizaci\u00f3n&hellip;<\/p>\n","protected":false},"author":1,"featured_media":0,"parent":0,"menu_order":0,"comment_status":"closed","ping_status":"closed","template":"","meta":{"_crdt_document":"","_joinchat":[],"footnotes":""},"class_list":["post-169","page","type-page","status-publish","hentry"],"_links":{"self":[{"href":"https:\/\/clinicadelpcrga.cl\/clinicapc\/wp-json\/wp\/v2\/pages\/169","targetHints":{"allow":["GET"]}}],"collection":[{"href":"https:\/\/clinicadelpcrga.cl\/clinicapc\/wp-json\/wp\/v2\/pages"}],"about":[{"href":"https:\/\/clinicadelpcrga.cl\/clinicapc\/wp-json\/wp\/v2\/types\/page"}],"author":[{"embeddable":true,"href":"https:\/\/clinicadelpcrga.cl\/clinicapc\/wp-json\/wp\/v2\/users\/1"}],"replies":[{"embeddable":true,"href":"https:\/\/clinicadelpcrga.cl\/clinicapc\/wp-json\/wp\/v2\/comments?post=169"}],"version-history":[{"count":12,"href":"https:\/\/clinicadelpcrga.cl\/clinicapc\/wp-json\/wp\/v2\/pages\/169\/revisions"}],"predecessor-version":[{"id":216,"href":"https:\/\/clinicadelpcrga.cl\/clinicapc\/wp-json\/wp\/v2\/pages\/169\/revisions\/216"}],"wp:attachment":[{"href":"https:\/\/clinicadelpcrga.cl\/clinicapc\/wp-json\/wp\/v2\/media?parent=169"}],"curies":[{"name":"wp","href":"https:\/\/api.w.org\/{rel}","templated":true}]}}