{"id":156,"date":"2025-12-04T22:09:26","date_gmt":"2025-12-04T21:09:26","guid":{"rendered":"https:\/\/clinicadelpcrga.cl\/clinicapc\/?page_id=156"},"modified":"2025-12-04T22:10:22","modified_gmt":"2025-12-04T21:10:22","slug":"reparacion-de-celulares","status":"publish","type":"page","link":"https:\/\/clinicadelpcrga.cl\/clinicapc\/reparacion-de-celulares\/","title":{"rendered":"Reparaci\u00f3n de Celulares"},"content":{"rendered":"<p><img loading=\"lazy\" decoding=\"async\" class=\"alignnone wp-image-157 size-full\" src=\"https:\/\/clinicadelpcrga.cl\/clinicapc\/wp-content\/uploads\/2025\/12\/marcas-celulares.jpg\" alt=\"\" width=\"1200\" height=\"334\" srcset=\"https:\/\/clinicadelpcrga.cl\/clinicapc\/wp-content\/uploads\/2025\/12\/marcas-celulares.jpg 1200w, https:\/\/clinicadelpcrga.cl\/clinicapc\/wp-content\/uploads\/2025\/12\/marcas-celulares-300x84.jpg 300w, https:\/\/clinicadelpcrga.cl\/clinicapc\/wp-content\/uploads\/2025\/12\/marcas-celulares-1024x285.jpg 1024w, https:\/\/clinicadelpcrga.cl\/clinicapc\/wp-content\/uploads\/2025\/12\/marcas-celulares-768x214.jpg 768w\" sizes=\"auto, (max-width: 1200px) 100vw, 1200px\" \/><\/p>\n<p><span style=\"font-weight: 400;\">En cl\u00ednica del pc ofrecemos\u00a0<\/span><b>servicio t\u00e9cnico<\/b><span style=\"font-weight: 400;\">\u00a0especializado en\u00a0<\/span><b>reparaci\u00f3n de celulares<\/b><span style=\"font-weight: 400;\"> para dejar tu dispositivo como nuevo. Nuestros t\u00e9cnicos realizan un diagn\u00f3stico preciso para identificar fallas en <\/span><b>pantallas<\/b><span style=\"font-weight: 400;\">, <\/span><b>bater\u00edas<\/b><span style=\"font-weight: 400;\">, <\/span><b>m\u00f3dulos de carga<\/b><span style=\"font-weight: 400;\">\u00a0u otros componentes. Trabajamos con\u00a0<\/span><b>repuestos originales<\/b><span style=\"font-weight: 400;\">\u00a0y alternativos para smartphones de gama media y alta, como\u00a0<\/span><b>Samsung<\/b><span style=\"font-weight: 400;\">,\u00a0<\/span><b>Xiaomi<\/b><span style=\"font-weight: 400;\">,\u00a0<\/span><b>Google Pixel<\/b><span style=\"font-weight: 400;\">,\u00a0<\/span><b>OnePlus<\/b><span style=\"font-weight: 400;\">,\u00a0<\/span><b>Realme<\/b><span style=\"font-weight: 400;\"> y m\u00e1s. Los tiempos de reparaci\u00f3n var\u00edan seg\u00fan la complejidad de cada caso. \u00a1Cont\u00e1ctanos y programa una evaluaci\u00f3n! Te asesoramos.<\/span><\/p>\n<p>&nbsp;<\/p>\n<p><img loading=\"lazy\" decoding=\"async\" class=\"wp-image-160 size-full aligncenter\" src=\"https:\/\/clinicadelpcrga.cl\/clinicapc\/wp-content\/uploads\/2025\/12\/mejores_marcas_celulares-samsung_1.webp\" alt=\"\" width=\"710\" height=\"400\" srcset=\"https:\/\/clinicadelpcrga.cl\/clinicapc\/wp-content\/uploads\/2025\/12\/mejores_marcas_celulares-samsung_1.webp 710w, https:\/\/clinicadelpcrga.cl\/clinicapc\/wp-content\/uploads\/2025\/12\/mejores_marcas_celulares-samsung_1-300x169.webp 300w\" sizes=\"auto, (max-width: 710px) 100vw, 710px\" \/><\/p>\n<p>&nbsp;<\/p>\n<p><b><i>\u00bfSi no contamos con el repuesto?<\/i><\/b><span style=\"font-weight: 400;\"><br \/>\n<\/span><i><span style=\"font-weight: 400;\">Podemos importarlo especialmente para ti. El tiempo de espera es de\u00a0<\/span><\/i><b><i>20 a 30 d\u00edas<\/i><\/b><i><span style=\"font-weight: 400;\">\u00a0y requiere reserva con\u00a0<\/span><\/i><b><i>50% de abono<\/i><\/b><i><span style=\"font-weight: 400;\">. Cons\u00faltanos por tu pantalla, bater\u00eda o tapa trasera aunque no est\u00e9n publicados.<\/span><\/i><\/p>\n","protected":false},"excerpt":{"rendered":"<p>En cl\u00ednica del pc ofrecemos\u00a0servicio t\u00e9cnico\u00a0especializado en\u00a0reparaci\u00f3n de celulares para dejar tu dispositivo como nuevo. Nuestros t\u00e9cnicos realizan un diagn\u00f3stico preciso para identificar fallas en pantallas, bater\u00edas, m\u00f3dulos de carga\u00a0u&hellip;<\/p>\n","protected":false},"author":1,"featured_media":0,"parent":0,"menu_order":0,"comment_status":"closed","ping_status":"closed","template":"","meta":{"_crdt_document":"","_joinchat":[],"footnotes":""},"class_list":["post-156","page","type-page","status-publish","hentry"],"_links":{"self":[{"href":"https:\/\/clinicadelpcrga.cl\/clinicapc\/wp-json\/wp\/v2\/pages\/156","targetHints":{"allow":["GET"]}}],"collection":[{"href":"https:\/\/clinicadelpcrga.cl\/clinicapc\/wp-json\/wp\/v2\/pages"}],"about":[{"href":"https:\/\/clinicadelpcrga.cl\/clinicapc\/wp-json\/wp\/v2\/types\/page"}],"author":[{"embeddable":true,"href":"https:\/\/clinicadelpcrga.cl\/clinicapc\/wp-json\/wp\/v2\/users\/1"}],"replies":[{"embeddable":true,"href":"https:\/\/clinicadelpcrga.cl\/clinicapc\/wp-json\/wp\/v2\/comments?post=156"}],"version-history":[{"count":3,"href":"https:\/\/clinicadelpcrga.cl\/clinicapc\/wp-json\/wp\/v2\/pages\/156\/revisions"}],"predecessor-version":[{"id":161,"href":"https:\/\/clinicadelpcrga.cl\/clinicapc\/wp-json\/wp\/v2\/pages\/156\/revisions\/161"}],"wp:attachment":[{"href":"https:\/\/clinicadelpcrga.cl\/clinicapc\/wp-json\/wp\/v2\/media?parent=156"}],"curies":[{"name":"wp","href":"https:\/\/api.w.org\/{rel}","templated":true}]}}