{"id":150,"date":"2025-12-04T21:37:11","date_gmt":"2025-12-04T20:37:11","guid":{"rendered":"https:\/\/clinicadelpcrga.cl\/clinicapc\/?page_id=150"},"modified":"2025-12-04T21:46:18","modified_gmt":"2025-12-04T20:46:18","slug":"computadoras-notebook","status":"publish","type":"page","link":"https:\/\/clinicadelpcrga.cl\/clinicapc\/computadoras-notebook\/","title":{"rendered":"Computadoras \/ Notebook"},"content":{"rendered":"<p><img loading=\"lazy\" decoding=\"async\" class=\"alignnone wp-image-152 size-full\" src=\"https:\/\/clinicadelpcrga.cl\/clinicapc\/wp-content\/uploads\/2025\/12\/notebook.jpg\" alt=\"\" width=\"1200\" height=\"554\" srcset=\"https:\/\/clinicadelpcrga.cl\/clinicapc\/wp-content\/uploads\/2025\/12\/notebook.jpg 1200w, https:\/\/clinicadelpcrga.cl\/clinicapc\/wp-content\/uploads\/2025\/12\/notebook-300x139.jpg 300w, https:\/\/clinicadelpcrga.cl\/clinicapc\/wp-content\/uploads\/2025\/12\/notebook-1024x473.jpg 1024w, https:\/\/clinicadelpcrga.cl\/clinicapc\/wp-content\/uploads\/2025\/12\/notebook-768x355.jpg 768w\" sizes=\"auto, (max-width: 1200px) 100vw, 1200px\" \/><\/p>\n<p>&nbsp;<\/p>\n<p><b>Cl\u00ednica del PC: Servicio T\u00e9cnico de Reparaci\u00f3n de Computadores<\/b><\/p>\n<p><span style=\"font-weight: 400;\">La\u00a0<\/span><b>Cl\u00ednica del PC<\/b><span style=\"font-weight: 400;\">\u00a0se especializa en ofrecer soluciones integrales para la reparaci\u00f3n y mantenimiento de computadores. Aqu\u00ed te detallo los servicios que brindan:<\/span><\/p>\n<ol>\n<li style=\"font-weight: 400;\" aria-level=\"1\"><b>Diagn\u00f3stico y Reparaci\u00f3n<\/b><span style=\"font-weight: 400;\">:<\/span>\n<ul>\n<li style=\"font-weight: 400;\" aria-level=\"2\"><span style=\"font-weight: 400;\">Evaluaci\u00f3n exhaustiva de problemas de\u00a0hardware\u00a0y\u00a0software.<\/span><\/li>\n<li style=\"font-weight: 400;\" aria-level=\"2\"><span style=\"font-weight: 400;\">Reparaci\u00f3n de componentes da\u00f1ados, como placas madre, discos duros y m\u00e1s.<\/span><\/li>\n<li style=\"font-weight: 400;\" aria-level=\"2\"><span style=\"font-weight: 400;\">Recuperaci\u00f3n de informaci\u00f3n de discos duros<\/span><\/li>\n<\/ul>\n<\/li>\n<li style=\"font-weight: 400;\" aria-level=\"1\"><b>Mantenimiento Preventivo<\/b><span style=\"font-weight: 400;\">:<\/span>\n<ul>\n<li style=\"font-weight: 400;\" aria-level=\"2\"><span style=\"font-weight: 400;\">Limpieza interna y externa de los equipos.<\/span><\/li>\n<li style=\"font-weight: 400;\" aria-level=\"2\"><span style=\"font-weight: 400;\">Actualizaci\u00f3n de\u00a0software\u00a0y optimizaci\u00f3n del rendimiento.<\/span><\/li>\n<\/ul>\n<\/li>\n<li style=\"font-weight: 400;\" aria-level=\"1\"><b>Eliminaci\u00f3n de Virus y Malware<\/b><span style=\"font-weight: 400;\">:<\/span>\n<ul>\n<li style=\"font-weight: 400;\" aria-level=\"2\"><span style=\"font-weight: 400;\">An\u00e1lisis y eliminaci\u00f3n de amenazas inform\u00e1ticas.<\/span><\/li>\n<li style=\"font-weight: 400;\" aria-level=\"2\"><span style=\"font-weight: 400;\">Instalaci\u00f3n de\u00a0software\u00a0de seguridad para proteger tus dispositivos.<\/span><\/li>\n<\/ul>\n<\/li>\n<li style=\"font-weight: 400;\" aria-level=\"1\"><b>Asesor\u00eda T\u00e9cnica<\/b><span style=\"font-weight: 400;\">:<\/span>\n<ul>\n<li style=\"font-weight: 400;\" aria-level=\"2\"><span style=\"font-weight: 400;\">Consultas sobre el uso eficiente de tu computador.<\/span><\/li>\n<li style=\"font-weight: 400;\" aria-level=\"2\"><span style=\"font-weight: 400;\">Recomendaciones para mejorar el rendimiento y la seguridad.<\/span><\/li>\n<\/ul>\n<\/li>\n<li style=\"font-weight: 400;\" aria-level=\"1\"><b>Soporte Remoto<\/b><span style=\"font-weight: 400;\">:<\/span>\n<ul>\n<li style=\"font-weight: 400;\" aria-level=\"2\"><span style=\"font-weight: 400;\">Asistencia t\u00e9cnica a distancia para resolver problemas sin necesidad de desplazamiento.<\/span><\/li>\n<\/ul>\n<\/li>\n<\/ol>\n<p><b>\u00bfPor qu\u00e9 elegir la\u00a0Cl\u00ednica del PC?<\/b><\/p>\n<ul>\n<li style=\"font-weight: 400;\" aria-level=\"1\"><b>Experiencia<\/b><span style=\"font-weight: 400;\">: M\u00e1s de 12 a\u00f1os en el mercado, garantizando un servicio de calidad.<\/span><\/li>\n<li style=\"font-weight: 400;\" aria-level=\"1\"><b>Certificaci\u00f3n DELL<\/b><span style=\"font-weight: 400;\">: Como centro certificado, ofrecen un servicio especializado para productos de esta marca.<\/span><\/li>\n<li style=\"font-weight: 400;\" aria-level=\"1\"><b>Atenci\u00f3n Personalizada<\/b><span style=\"font-weight: 400;\">: Un equipo de t\u00e9cnicos capacitados que se preocupa por tus necesidades.<\/span><\/li>\n<\/ul>\n<p>&nbsp;<\/p>\n","protected":false},"excerpt":{"rendered":"<p>&nbsp; Cl\u00ednica del PC: Servicio T\u00e9cnico de Reparaci\u00f3n de Computadores La\u00a0Cl\u00ednica del PC\u00a0se especializa en ofrecer soluciones integrales para la reparaci\u00f3n y mantenimiento de computadores. Aqu\u00ed te detallo los servicios&hellip;<\/p>\n","protected":false},"author":1,"featured_media":0,"parent":0,"menu_order":0,"comment_status":"closed","ping_status":"closed","template":"","meta":{"_crdt_document":"","_joinchat":[],"footnotes":""},"class_list":["post-150","page","type-page","status-publish","hentry"],"_links":{"self":[{"href":"https:\/\/clinicadelpcrga.cl\/clinicapc\/wp-json\/wp\/v2\/pages\/150","targetHints":{"allow":["GET"]}}],"collection":[{"href":"https:\/\/clinicadelpcrga.cl\/clinicapc\/wp-json\/wp\/v2\/pages"}],"about":[{"href":"https:\/\/clinicadelpcrga.cl\/clinicapc\/wp-json\/wp\/v2\/types\/page"}],"author":[{"embeddable":true,"href":"https:\/\/clinicadelpcrga.cl\/clinicapc\/wp-json\/wp\/v2\/users\/1"}],"replies":[{"embeddable":true,"href":"https:\/\/clinicadelpcrga.cl\/clinicapc\/wp-json\/wp\/v2\/comments?post=150"}],"version-history":[{"count":2,"href":"https:\/\/clinicadelpcrga.cl\/clinicapc\/wp-json\/wp\/v2\/pages\/150\/revisions"}],"predecessor-version":[{"id":153,"href":"https:\/\/clinicadelpcrga.cl\/clinicapc\/wp-json\/wp\/v2\/pages\/150\/revisions\/153"}],"wp:attachment":[{"href":"https:\/\/clinicadelpcrga.cl\/clinicapc\/wp-json\/wp\/v2\/media?parent=150"}],"curies":[{"name":"wp","href":"https:\/\/api.w.org\/{rel}","templated":true}]}}